{"id":10658,"date":"2019-11-28T16:17:39","date_gmt":"2019-11-28T16:17:39","guid":{"rendered":"https:\/\/www.inpetransfer.com\/?page_id=10658"},"modified":"2025-07-19T23:25:49","modified_gmt":"2025-07-19T23:25:49","slug":"una-manera-de-hacer-europa","status":"publish","type":"page","link":"https:\/\/www.inpetransfer.com\/en\/una-manera-de-hacer-europa\/","title":{"rendered":"A way to make Europe"},"content":{"rendered":"<div data-elementor-type=\"wp-page\" data-elementor-id=\"10658\" class=\"elementor elementor-10658\">\n\t\t\t\t\t\t<section class=\"elementor-section elementor-top-section elementor-element elementor-element-9e802df elementor-section-boxed elementor-section-height-default elementor-section-height-default\" data-id=\"9e802df\" data-element_type=\"section\" data-e-type=\"section\">\n\t\t\t\t\t\t<div class=\"elementor-container elementor-column-gap-default\">\n\t\t\t\t\t<div class=\"elementor-column elementor-col-100 elementor-top-column elementor-element elementor-element-ba6e8b2\" data-id=\"ba6e8b2\" data-element_type=\"column\" data-e-type=\"column\">\n\t\t\t<div class=\"elementor-widget-wrap elementor-element-populated\">\n\t\t\t\t\t\t<div class=\"elementor-element elementor-element-c33b49c elementor-widget elementor-widget-heading\" data-id=\"c33b49c\" data-element_type=\"widget\" data-e-type=\"widget\" data-widget_type=\"heading.default\">\n\t\t\t\t<div class=\"elementor-widget-container\">\n\t\t\t\t\t<h1 class=\"elementor-heading-title elementor-size-default\">European Union collaboration<\/h1>\t\t\t\t<\/div>\n\t\t\t\t<\/div>\n\t\t\t\t\t<\/div>\n\t\t<\/div>\n\t\t\t\t\t<\/div>\n\t\t<\/section>\n\t\t\t\t<section class=\"elementor-section elementor-top-section elementor-element elementor-element-de7bd4f elementor-section-boxed elementor-section-height-default elementor-section-height-default\" data-id=\"de7bd4f\" data-element_type=\"section\" data-e-type=\"section\">\n\t\t\t\t\t\t<div class=\"elementor-container elementor-column-gap-default\">\n\t\t\t\t\t<div class=\"elementor-column elementor-col-50 elementor-top-column elementor-element elementor-element-2ec0d60\" data-id=\"2ec0d60\" data-element_type=\"column\" data-e-type=\"column\">\n\t\t\t<div class=\"elementor-widget-wrap elementor-element-populated\">\n\t\t\t\t\t\t<div class=\"elementor-element elementor-element-928c6fd elementor-widget elementor-widget-image\" data-id=\"928c6fd\" data-element_type=\"widget\" data-e-type=\"widget\" data-widget_type=\"image.default\">\n\t\t\t\t<div class=\"elementor-widget-container\">\n\t\t\t\t\t\t\t\t\t\t\t\t<figure class=\"wp-caption\">\n\t\t\t\t\t\t\t\t\t\t<img fetchpriority=\"high\" decoding=\"async\" width=\"294\" height=\"300\" src=\"https:\/\/i0.wp.com\/www.inpetransfer.com\/wp-content\/uploads\/europa1.png?fit=294%2C300&amp;ssl=1\" class=\"attachment-full size-full wp-image-10661\" alt=\"\" srcset=\"https:\/\/i0.wp.com\/www.inpetransfer.com\/wp-content\/uploads\/europa1.png?w=294&amp;ssl=1 294w, https:\/\/i0.wp.com\/www.inpetransfer.com\/wp-content\/uploads\/europa1.png?resize=50%2C50&amp;ssl=1 50w\" sizes=\"(max-width: 294px) 100vw, 294px\" \/>\t\t\t\t\t\t\t\t\t\t\t<figcaption class=\"widget-image-caption wp-caption-text\">Inpetransfer.com - Inpe Consulting M\u00e1laga SL<\/figcaption>\n\t\t\t\t\t\t\t\t\t\t<\/figure>\n\t\t\t\t\t\t\t\t\t<\/div>\n\t\t\t\t<\/div>\n\t\t\t\t\t<\/div>\n\t\t<\/div>\n\t\t\t\t<div class=\"elementor-column elementor-col-50 elementor-top-column elementor-element elementor-element-8c508f8\" data-id=\"8c508f8\" data-element_type=\"column\" data-e-type=\"column\">\n\t\t\t<div class=\"elementor-widget-wrap elementor-element-populated\">\n\t\t\t\t\t\t<div class=\"elementor-element elementor-element-59af0d6 elementor-widget elementor-widget-text-editor\" data-id=\"59af0d6\" data-element_type=\"widget\" data-e-type=\"widget\" data-widget_type=\"text-editor.default\">\n\t\t\t\t<div class=\"elementor-widget-container\">\n\t\t\t\t\t\t\t\t\t<p style=\"font-weight: 400; text-align: justify;\"><span style=\"font-size: 14pt;\">Inpe Consulting M\u00e1laga SL has been a beneficiary of the <strong>European Regional Development Fund<\/strong> whose objective is to improve the use and quality of information and communication technologies and access to them and thanks to which it will be able to carry out a <strong>reservation system for private transfers in Airports<\/strong> around the world, a simple, intuitive and innovative system with access to collaborators, drivers and travel agencies, all to improve the competitiveness and productivity of the company. (December 2019 - March 2020). For this, it has had the support of the 2019 Tourist Competitiveness Program of the Malaga Chamber of Commerce.<\/span><em>\u00a0<\/em><\/p><p><span style=\"font-size: 14pt;\">A way of making Europe &quot;<\/span><\/p>\t\t\t\t\t\t\t\t<\/div>\n\t\t\t\t<\/div>\n\t\t\t\t\t<\/div>\n\t\t<\/div>\n\t\t\t\t\t<\/div>\n\t\t<\/section>\n\t\t\t\t<\/div>","protected":false},"excerpt":{"rendered":"<p>Colaboraci\u00f3n Uni\u00f3n Europea Inpetransfer.com &#8211; Inpe Consulting M\u00e1laga SL Inpe Consulting M\u00e1laga SL ha sido beneficiaria del Fondo Europeo de Desarrollo Regional cuyo objetivo es mejorar el uso y la calidad de las tecnolog\u00edas de la informaci\u00f3n y de las comunicaciones y el acceso a las mismas y gracias al [&hellip;]<\/p>\n","protected":false},"author":8,"featured_media":0,"parent":0,"menu_order":0,"comment_status":"closed","ping_status":"closed","template":"page-templates\/template-pagebuilder-full-width.php","meta":{"_acf_changed":false,"footnotes":""},"class_list":["post-10658","page","type-page","status-publish","hentry"],"acf":[],"aioseo_notices":[],"_links":{"self":[{"href":"https:\/\/www.inpetransfer.com\/en\/wp-json\/wp\/v2\/pages\/10658","targetHints":{"allow":["GET"]}}],"collection":[{"href":"https:\/\/www.inpetransfer.com\/en\/wp-json\/wp\/v2\/pages"}],"about":[{"href":"https:\/\/www.inpetransfer.com\/en\/wp-json\/wp\/v2\/types\/page"}],"author":[{"embeddable":true,"href":"https:\/\/www.inpetransfer.com\/en\/wp-json\/wp\/v2\/users\/8"}],"replies":[{"embeddable":true,"href":"https:\/\/www.inpetransfer.com\/en\/wp-json\/wp\/v2\/comments?post=10658"}],"version-history":[{"count":0,"href":"https:\/\/www.inpetransfer.com\/en\/wp-json\/wp\/v2\/pages\/10658\/revisions"}],"wp:attachment":[{"href":"https:\/\/www.inpetransfer.com\/en\/wp-json\/wp\/v2\/media?parent=10658"}],"curies":[{"name":"wp","href":"https:\/\/api.w.org\/{rel}","templated":true}]}}