{"id":10895,"date":"2020-05-16T16:31:48","date_gmt":"2020-05-16T16:31:48","guid":{"rendered":"https:\/\/www.inpetransfer.com\/?page_id=10895"},"modified":"2025-07-19T22:40:51","modified_gmt":"2025-07-19T22:40:51","slug":"prevencion-ante-el-covid19","status":"publish","type":"page","link":"https:\/\/www.inpetransfer.com\/en\/prevencion-ante-el-covid19\/","title":{"rendered":"Prevention against COVID19"},"content":{"rendered":"<div data-elementor-type=\"wp-page\" data-elementor-id=\"10895\" class=\"elementor elementor-10895\">\n\t\t\t\t\t\t<section class=\"elementor-section elementor-top-section elementor-element elementor-element-fd76ceb elementor-section-boxed elementor-section-height-default elementor-section-height-default\" data-id=\"fd76ceb\" data-element_type=\"section\" data-e-type=\"section\">\n\t\t\t\t\t\t<div class=\"elementor-container elementor-column-gap-default\">\n\t\t\t\t\t<div class=\"elementor-column elementor-col-100 elementor-top-column elementor-element elementor-element-f29ddd2\" data-id=\"f29ddd2\" data-element_type=\"column\" data-e-type=\"column\">\n\t\t\t<div class=\"elementor-widget-wrap elementor-element-populated\">\n\t\t\t\t\t\t<div class=\"elementor-element elementor-element-a2c22b5 elementor-widget elementor-widget-heading\" data-id=\"a2c22b5\" data-element_type=\"widget\" data-e-type=\"widget\" data-widget_type=\"heading.default\">\n\t\t\t\t<div class=\"elementor-widget-container\">\n\t\t\t\t\t<h1 class=\"elementor-heading-title elementor-size-default\">Security and prevention measures against the coronavirus (COVID-19)<\/h1>\t\t\t\t<\/div>\n\t\t\t\t<\/div>\n\t\t\t\t<div class=\"elementor-element elementor-element-328aa8c elementor-widget elementor-widget-text-editor\" data-id=\"328aa8c\" data-element_type=\"widget\" data-e-type=\"widget\" data-widget_type=\"text-editor.default\">\n\t\t\t\t<div class=\"elementor-widget-container\">\n\t\t\t\t\t\t\t\t\t<p style=\"text-align: justify;\"><span style=\"font-size: 12pt;\">We want to reassure our clients by informing them that we have sent<strong> all our drivers the recommendations of the World Health Organization (WHO) on basic preventive measures against the new coronavirus (COVID-19)<\/strong>. <\/span><\/p><p style=\"text-align: justify;\"><span style=\"font-size: 12pt;\">Your health, your safety, and that of our drivers, are our highest priority at this time.\u00a0<\/span><span style=\"font-size: 12pt;\">We understand that calm is needed now more than ever and, therefore, we have informed all the drivers we work with so that they carry out the following safety and preventive measures in their fleet of vehicles.<\/span><\/p>\t\t\t\t\t\t\t\t<\/div>\n\t\t\t\t<\/div>\n\t\t\t\t\t<\/div>\n\t\t<\/div>\n\t\t\t\t\t<\/div>\n\t\t<\/section>\n\t\t\t\t<section class=\"elementor-section elementor-top-section elementor-element elementor-element-d4484df elementor-section-boxed elementor-section-height-default elementor-section-height-default\" data-id=\"d4484df\" data-element_type=\"section\" data-e-type=\"section\">\n\t\t\t\t\t\t<div class=\"elementor-container elementor-column-gap-default\">\n\t\t\t\t\t<div class=\"elementor-column elementor-col-100 elementor-top-column elementor-element elementor-element-3a9b43a\" data-id=\"3a9b43a\" data-element_type=\"column\" data-e-type=\"column\">\n\t\t\t<div class=\"elementor-widget-wrap elementor-element-populated\">\n\t\t\t\t\t\t<div class=\"elementor-element elementor-element-253ccd9 elementor-widget elementor-widget-heading\" data-id=\"253ccd9\" data-element_type=\"widget\" data-e-type=\"widget\" data-widget_type=\"heading.default\">\n\t\t\t\t<div class=\"elementor-widget-container\">\n\t\t\t\t\t<h3 class=\"elementor-heading-title elementor-size-default\">Safety and prevention measures for everyone<\/h3>\t\t\t\t<\/div>\n\t\t\t\t<\/div>\n\t\t\t\t\t<\/div>\n\t\t<\/div>\n\t\t\t\t\t<\/div>\n\t\t<\/section>\n\t\t\t\t<section class=\"elementor-section elementor-top-section elementor-element elementor-element-6ecd5ae elementor-section-boxed elementor-section-height-default elementor-section-height-default\" data-id=\"6ecd5ae\" data-element_type=\"section\" data-e-type=\"section\">\n\t\t\t\t\t\t<div class=\"elementor-container elementor-column-gap-default\">\n\t\t\t\t\t<div class=\"elementor-column elementor-col-50 elementor-top-column elementor-element elementor-element-b00293f\" data-id=\"b00293f\" data-element_type=\"column\" data-e-type=\"column\">\n\t\t\t<div class=\"elementor-widget-wrap elementor-element-populated\">\n\t\t\t\t\t\t<div class=\"elementor-element elementor-element-29cb857 elementor-widget elementor-widget-text-editor\" data-id=\"29cb857\" data-element_type=\"widget\" data-e-type=\"widget\" data-widget_type=\"text-editor.default\">\n\t\t\t\t<div class=\"elementor-widget-container\">\n\t\t\t\t\t\t\t\t\t<ul><li><span style=\"font-size: 12pt;\"><strong>Handwashing<\/strong> frequently.<\/span><\/li><li><span style=\"font-size: 12pt;\"><strong>Have disinfectant<\/strong> hands on the car, both for themselves and for the passengers.<\/span><\/li><li><span style=\"font-size: 12pt;\"><strong>Clean surfaces<\/strong> frequently with cloths and household cleaning products.<\/span><\/li><li><span style=\"font-size: 12pt;\"><strong>Keep distance<\/strong> from others as much as possible.<\/span><\/li><li><span style=\"font-size: 12pt;\">Avoid touching your eyes, nose, and mouth.<\/span><\/li><li><span style=\"font-size: 12pt;\">Adopt respiratory hygiene measures: cover the mouth and nose with the inside of the elbow or with a tissue when coughing or sneezing. Throw away the used tissue immediately.<\/span><\/li><\/ul>\t\t\t\t\t\t\t\t<\/div>\n\t\t\t\t<\/div>\n\t\t\t\t\t<\/div>\n\t\t<\/div>\n\t\t\t\t<div class=\"elementor-column elementor-col-50 elementor-top-column elementor-element elementor-element-275199f\" data-id=\"275199f\" data-element_type=\"column\" data-e-type=\"column\">\n\t\t\t<div class=\"elementor-widget-wrap elementor-element-populated\">\n\t\t\t\t\t\t<div class=\"elementor-element elementor-element-298fa24 elementor-widget elementor-widget-text-editor\" data-id=\"298fa24\" data-element_type=\"widget\" data-e-type=\"widget\" data-widget_type=\"text-editor.default\">\n\t\t\t\t<div class=\"elementor-widget-container\">\n\t\t\t\t\t\t\t\t\t<ul><li><span style=\"font-size: 12pt;\">Stay informed about incidents in your country and alert travelers to the latest events.<\/span><\/li><li><span style=\"font-size: 12pt;\">Leave work immediately and seek medical attention if they experience fever, cough and \/ or shortness of breath according to WHO recommendations.<\/span><\/li><\/ul>\t\t\t\t\t\t\t\t<\/div>\n\t\t\t\t<\/div>\n\t\t\t\t\t<\/div>\n\t\t<\/div>\n\t\t\t\t\t<\/div>\n\t\t<\/section>\n\t\t\t\t<section class=\"elementor-section elementor-top-section elementor-element elementor-element-6b2368d elementor-section-boxed elementor-section-height-default elementor-section-height-default\" data-id=\"6b2368d\" data-element_type=\"section\" data-e-type=\"section\">\n\t\t\t\t\t\t<div class=\"elementor-container elementor-column-gap-default\">\n\t\t\t\t\t<div class=\"elementor-column elementor-col-50 elementor-top-column elementor-element elementor-element-8b89059\" data-id=\"8b89059\" data-element_type=\"column\" data-e-type=\"column\">\n\t\t\t<div class=\"elementor-widget-wrap elementor-element-populated\">\n\t\t\t\t\t\t<div class=\"elementor-element elementor-element-69d877c elementor-widget elementor-widget-image\" data-id=\"69d877c\" data-element_type=\"widget\" data-e-type=\"widget\" data-widget_type=\"image.default\">\n\t\t\t\t<div class=\"elementor-widget-container\">\n\t\t\t\t\t\t\t\t\t\t\t\t\t\t\t<img fetchpriority=\"high\" decoding=\"async\" width=\"724\" height=\"1024\" src=\"https:\/\/i0.wp.com\/www.inpetransfer.com\/wp-content\/uploads\/COVID19-EVITAR-PROPAGACION-CASTELLANO.png?fit=724%2C1024&amp;ssl=1\" class=\"attachment-large size-large wp-image-10896\" alt=\"\" srcset=\"https:\/\/i0.wp.com\/www.inpetransfer.com\/wp-content\/uploads\/COVID19-EVITAR-PROPAGACION-CASTELLANO.png?w=1414&amp;ssl=1 1414w, https:\/\/i0.wp.com\/www.inpetransfer.com\/wp-content\/uploads\/COVID19-EVITAR-PROPAGACION-CASTELLANO.png?resize=212%2C300&amp;ssl=1 212w, https:\/\/i0.wp.com\/www.inpetransfer.com\/wp-content\/uploads\/COVID19-EVITAR-PROPAGACION-CASTELLANO.png?resize=724%2C1024&amp;ssl=1 724w, https:\/\/i0.wp.com\/www.inpetransfer.com\/wp-content\/uploads\/COVID19-EVITAR-PROPAGACION-CASTELLANO.png?resize=768%2C1086&amp;ssl=1 768w, https:\/\/i0.wp.com\/www.inpetransfer.com\/wp-content\/uploads\/COVID19-EVITAR-PROPAGACION-CASTELLANO.png?resize=1086%2C1536&amp;ssl=1 1086w\" sizes=\"(max-width: 724px) 100vw, 724px\" \/>\t\t\t\t\t\t\t\t\t\t\t\t\t\t\t<\/div>\n\t\t\t\t<\/div>\n\t\t\t\t\t<\/div>\n\t\t<\/div>\n\t\t\t\t<div class=\"elementor-column elementor-col-50 elementor-top-column elementor-element elementor-element-88d290d\" data-id=\"88d290d\" data-element_type=\"column\" data-e-type=\"column\">\n\t\t\t<div class=\"elementor-widget-wrap elementor-element-populated\">\n\t\t\t\t\t\t<div class=\"elementor-element elementor-element-0cc4d26 elementor-widget elementor-widget-spacer\" data-id=\"0cc4d26\" data-element_type=\"widget\" data-e-type=\"widget\" data-widget_type=\"spacer.default\">\n\t\t\t\t<div class=\"elementor-widget-container\">\n\t\t\t\t\t\t\t<div class=\"elementor-spacer\">\n\t\t\t<div class=\"elementor-spacer-inner\"><\/div>\n\t\t<\/div>\n\t\t\t\t\t\t<\/div>\n\t\t\t\t<\/div>\n\t\t\t\t<div class=\"elementor-element elementor-element-50c2079 elementor-widget elementor-widget-image\" data-id=\"50c2079\" data-element_type=\"widget\" data-e-type=\"widget\" data-widget_type=\"image.default\">\n\t\t\t\t<div class=\"elementor-widget-container\">\n\t\t\t\t\t\t\t\t\t\t\t\t\t\t\t<img decoding=\"async\" width=\"750\" height=\"469\" src=\"https:\/\/i0.wp.com\/www.inpetransfer.com\/wp-content\/uploads\/2018\/12\/standard-car-1.png?fit=750%2C469&amp;ssl=1\" class=\"attachment-large size-large wp-image-870\" alt=\"traslados aeropuertos\" srcset=\"https:\/\/i0.wp.com\/www.inpetransfer.com\/wp-content\/uploads\/2018\/12\/standard-car-1.png?w=1000&amp;ssl=1 1000w, https:\/\/i0.wp.com\/www.inpetransfer.com\/wp-content\/uploads\/2018\/12\/standard-car-1.png?resize=300%2C188&amp;ssl=1 300w, https:\/\/i0.wp.com\/www.inpetransfer.com\/wp-content\/uploads\/2018\/12\/standard-car-1.png?resize=768%2C480&amp;ssl=1 768w, https:\/\/i0.wp.com\/www.inpetransfer.com\/wp-content\/uploads\/2018\/12\/standard-car-1.png?resize=50%2C31&amp;ssl=1 50w\" sizes=\"(max-width: 750px) 100vw, 750px\" \/>\t\t\t\t\t\t\t\t\t\t\t\t\t\t\t<\/div>\n\t\t\t\t<\/div>\n\t\t\t\t\t<\/div>\n\t\t<\/div>\n\t\t\t\t\t<\/div>\n\t\t<\/section>\n\t\t\t\t<section class=\"elementor-section elementor-top-section elementor-element elementor-element-40cfc5a elementor-section-boxed elementor-section-height-default elementor-section-height-default\" data-id=\"40cfc5a\" data-element_type=\"section\" data-e-type=\"section\">\n\t\t\t\t\t\t<div class=\"elementor-container elementor-column-gap-default\">\n\t\t\t\t\t<div class=\"elementor-column elementor-col-100 elementor-top-column elementor-element elementor-element-4402e81\" data-id=\"4402e81\" data-element_type=\"column\" data-e-type=\"column\">\n\t\t\t<div class=\"elementor-widget-wrap elementor-element-populated\">\n\t\t\t\t\t\t<div class=\"elementor-element elementor-element-3924ee7 elementor-widget elementor-widget-text-editor\" data-id=\"3924ee7\" data-element_type=\"widget\" data-e-type=\"widget\" data-widget_type=\"text-editor.default\">\n\t\t\t\t<div class=\"elementor-widget-container\">\n\t\t\t\t\t\t\t\t\t<h2>Links and more information about COVID-19<\/h2><p><span style=\"font-size: 12pt;\"><a href=\"https:\/\/www.who.int\/emergencies\/diseases\/novel-coronavirus-2019\" target=\"_blank\" rel=\"noopener\">World Health Organization updates and lastes news<\/a><\/span><\/p><p><span style=\"font-size: 12pt;\"><a href=\"https:\/\/www.who.int\/emergencies\/diseases\/novel-coronavirus-2019\/advice-for-public\" target=\"_blank\" rel=\"noopener\">Basic prevention measures<\/a><\/span><\/p>\t\t\t\t\t\t\t\t<\/div>\n\t\t\t\t<\/div>\n\t\t\t\t\t<\/div>\n\t\t<\/div>\n\t\t\t\t\t<\/div>\n\t\t<\/section>\n\t\t\t\t<\/div>","protected":false},"excerpt":{"rendered":"<p>Medidas de seguridad y prevenci\u00f3n ante el coronavirus (COVID-19) Queremos tranquilizar a nuestros clientes inform\u00e1ndoles de que\u00a0hemos hecho llegar a todos nuestros conductores las recomendaciones de la Organizaci\u00f3n Mundial de la Salud (OMS) sobre medidas de prevenci\u00f3n b\u00e1sicas contra el nuevo coronavirus (COVID-19). Tu salud, tu seguridad, y la de [&hellip;]<\/p>\n","protected":false},"author":8,"featured_media":0,"parent":0,"menu_order":0,"comment_status":"closed","ping_status":"closed","template":"page-templates\/template-pagebuilder-full-width.php","meta":{"_acf_changed":false,"footnotes":""},"class_list":["post-10895","page","type-page","status-publish","hentry"],"acf":[],"aioseo_notices":[],"_links":{"self":[{"href":"https:\/\/www.inpetransfer.com\/en\/wp-json\/wp\/v2\/pages\/10895","targetHints":{"allow":["GET"]}}],"collection":[{"href":"https:\/\/www.inpetransfer.com\/en\/wp-json\/wp\/v2\/pages"}],"about":[{"href":"https:\/\/www.inpetransfer.com\/en\/wp-json\/wp\/v2\/types\/page"}],"author":[{"embeddable":true,"href":"https:\/\/www.inpetransfer.com\/en\/wp-json\/wp\/v2\/users\/8"}],"replies":[{"embeddable":true,"href":"https:\/\/www.inpetransfer.com\/en\/wp-json\/wp\/v2\/comments?post=10895"}],"version-history":[{"count":0,"href":"https:\/\/www.inpetransfer.com\/en\/wp-json\/wp\/v2\/pages\/10895\/revisions"}],"wp:attachment":[{"href":"https:\/\/www.inpetransfer.com\/en\/wp-json\/wp\/v2\/media?parent=10895"}],"curies":[{"name":"wp","href":"https:\/\/api.w.org\/{rel}","templated":true}]}}