{"id":16189,"date":"2025-07-19T17:25:48","date_gmt":"2025-07-19T17:25:48","guid":{"rendered":"https:\/\/www.inpetransfer.com\/?page_id=16189"},"modified":"2025-10-24T21:37:51","modified_gmt":"2025-10-24T21:37:51","slug":"free-tours","status":"publish","type":"page","link":"https:\/\/www.inpetransfer.com\/en\/free-tours\/","title":{"rendered":"Free Tours in Spanish"},"content":{"rendered":"\t\t<div data-elementor-type=\"wp-page\" data-elementor-id=\"16189\" class=\"elementor elementor-16189\">\n\t\t\t\t\t\t<section class=\"elementor-section elementor-top-section elementor-element elementor-element-3d0ca74 elementor-section-height-min-height elementor-section-boxed elementor-section-height-default elementor-section-items-middle\" data-id=\"3d0ca74\" data-element_type=\"section\" data-e-type=\"section\" data-settings=\"{&quot;background_background&quot;:&quot;classic&quot;}\">\n\t\t\t\t\t\t\t<div class=\"elementor-background-overlay\"><\/div>\n\t\t\t\t\t\t\t<div class=\"elementor-container elementor-column-gap-default\">\n\t\t\t\t\t<div class=\"elementor-column elementor-col-100 elementor-top-column elementor-element elementor-element-d4a1141\" data-id=\"d4a1141\" data-element_type=\"column\" data-e-type=\"column\">\n\t\t\t<div class=\"elementor-widget-wrap elementor-element-populated\">\n\t\t\t\t\t\t<div class=\"elementor-element elementor-element-4655215 elementor-widget elementor-widget-theme-post-title elementor-page-title elementor-widget-heading\" data-id=\"4655215\" data-element_type=\"widget\" data-e-type=\"widget\" data-widget_type=\"theme-post-title.default\">\n\t\t\t\t<div class=\"elementor-widget-container\">\n\t\t\t\t\t<h1 class=\"elementor-heading-title elementor-size-default\">Free Tours en Espa\u00f1ol<\/h1>\t\t\t\t<\/div>\n\t\t\t\t<\/div>\n\t\t\t\t<div class=\"elementor-element elementor-element-b2c0404 elementor-widget elementor-widget-heading\" data-id=\"b2c0404\" data-element_type=\"widget\" data-e-type=\"widget\" data-widget_type=\"heading.default\">\n\t\t\t\t<div class=\"elementor-widget-container\">\n\t\t\t\t\t<h2 class=\"elementor-heading-title elementor-size-default\">Vive experiencias \u00fanicas con nuestros free tours y en castellano<\/h2>\t\t\t\t<\/div>\n\t\t\t\t<\/div>\n\t\t\t\t<div class=\"elementor-element elementor-element-3b87979 elementor-widget elementor-widget-html\" data-id=\"3b87979\" data-element_type=\"widget\" data-e-type=\"widget\" data-widget_type=\"html.default\">\n\t\t\t\t<div class=\"elementor-widget-container\">\n\t\t\t\t\t<div data-src=\"https:\/\/cdn.trustindex.io\/loader.js?19c1736854b94990dc56975c9b\"><\/div>\t\t\t\t<\/div>\n\t\t\t\t<\/div>\n\t\t\t\t<div class=\"elementor-element elementor-element-64528dd elementor-widget elementor-widget-heading\" data-id=\"64528dd\" data-element_type=\"widget\" data-e-type=\"widget\" data-widget_type=\"heading.default\">\n\t\t\t\t<div class=\"elementor-widget-container\">\n\t\t\t\t\t<h3 class=\"elementor-heading-title elementor-size-default\">MIl\u00e1n, Brujas, Madrid, Bruselas, Amsterdam, Paris, Nueva York...<\/h3>\t\t\t\t<\/div>\n\t\t\t\t<\/div>\n\t\t\t\t\t<\/div>\n\t\t<\/div>\n\t\t\t\t\t<\/div>\n\t\t<\/section>\n\t\t\t\t<section class=\"elementor-section elementor-top-section elementor-element elementor-element-6679231 elementor-section-boxed elementor-section-height-default elementor-section-height-default\" data-id=\"6679231\" data-element_type=\"section\" data-e-type=\"section\">\n\t\t\t\t\t\t<div class=\"elementor-container elementor-column-gap-default\">\n\t\t\t\t\t<div class=\"elementor-column elementor-col-100 elementor-top-column elementor-element elementor-element-c9a4fe4\" data-id=\"c9a4fe4\" data-element_type=\"column\" data-e-type=\"column\">\n\t\t\t<div class=\"elementor-widget-wrap elementor-element-populated\">\n\t\t\t\t\t\t<div class=\"elementor-element elementor-element-bb82862 elementor-widget elementor-widget-heading\" data-id=\"bb82862\" data-element_type=\"widget\" data-e-type=\"widget\" data-widget_type=\"heading.default\">\n\t\t\t\t<div class=\"elementor-widget-container\">\n\t\t\t\t\t<p class=\"elementor-heading-title elementor-size-default\">Descubre las ciudades m\u00e1s emblem\u00e1ticas con nuestros <b>Free Tours en espa\u00f1ol.<\/b> Disfruta de una experiencia \u00fanica, guiada por expertos locales que te mostrar\u00e1n los rincones m\u00e1s especiales, la historia, las curiosidades y los secretos mejor guardados de cada destino. Nuestros tours son gratuitos, basados en propinas, para que t\u00fa decidas cu\u00e1nto vale la experiencia. Una forma flexible, divertida y cultural de conocer tu destino. Ya sea tu primera vez o quieras redescubrir la ciudad, nuestros<b> Free Tours <\/b>son la opci\u00f3n ideal para viajeros curiosos y aut\u00e9nticos. \u00a1Reserva tu plaza hoy y \u00fanete a la aventura sin coste inicial!\n<br><br>\nDescubre, aprende y disfruta con nuestros tours guiados. \u00a1Reserva hoy tu pr\u00f3xima aventura!<\/p>\t\t\t\t<\/div>\n\t\t\t\t<\/div>\n\t\t\t\t\t<\/div>\n\t\t<\/div>\n\t\t\t\t\t<\/div>\n\t\t<\/section>\n\t\t\t\t<section class=\"elementor-section elementor-top-section elementor-element elementor-element-6d7062b elementor-section-boxed elementor-section-height-default elementor-section-height-default\" data-id=\"6d7062b\" data-element_type=\"section\" data-e-type=\"section\">\n\t\t\t\t\t\t\t<div class=\"elementor-background-overlay\"><\/div>\n\t\t\t\t\t\t\t<div class=\"elementor-container elementor-column-gap-default\">\n\t\t\t\t\t<div class=\"elementor-column elementor-col-100 elementor-top-column elementor-element elementor-element-8a2da70\" data-id=\"8a2da70\" data-element_type=\"column\" data-e-type=\"column\">\n\t\t\t<div class=\"elementor-widget-wrap elementor-element-populated\">\n\t\t\t\t\t\t<div class=\"elementor-element elementor-element-631b250 elementor-widget elementor-widget-spacer\" data-id=\"631b250\" data-element_type=\"widget\" data-e-type=\"widget\" data-widget_type=\"spacer.default\">\n\t\t\t\t<div class=\"elementor-widget-container\">\n\t\t\t\t\t\t\t<div class=\"elementor-spacer\">\n\t\t\t<div class=\"elementor-spacer-inner\"><\/div>\n\t\t<\/div>\n\t\t\t\t\t\t<\/div>\n\t\t\t\t<\/div>\n\t\t\t\t<div class=\"elementor-element elementor-element-5760757 elementor-widget elementor-widget-heading\" data-id=\"5760757\" data-element_type=\"widget\" data-e-type=\"widget\" data-widget_type=\"heading.default\">\n\t\t\t\t<div class=\"elementor-widget-container\">\n\t\t\t\t\t<h2 class=\"elementor-heading-title elementor-size-default\">Los Free tours mas destacados !!!<\/h2>\t\t\t\t<\/div>\n\t\t\t\t<\/div>\n\t\t\t\t<div class=\"elementor-element elementor-element-a54fc32 elementor-widget elementor-widget-html\" data-id=\"a54fc32\" data-element_type=\"widget\" data-e-type=\"widget\" data-widget_type=\"html.default\">\n\t\t\t\t<div class=\"elementor-widget-container\">\n\t\t\t\t\t<div style='text-align:center;'><script>function loadScript(url, callback){var script=document.createElement('script'); script.type='text\/javascript'; if (script.readyState){script.onreadystatechange=function(){if (script.readyState=='loaded' || script.readyState=='complete'){script.onreadystatechange=null; callback();}};}else{script.onload=function(){callback();};}script.src=url; document.getElementsByTagName('head')[0].appendChild(script);}loadScript('https:\/\/www.civitatis.com\/f\/js\/vendor\/iframeResizer.min.js', function(){iFrameResize({checkOrigin:false,initCallback:function(iframe){setTimeout(function(){var resizeEvent = window.document.createEvent('UIEvents'); resizeEvent.initUIEvent('resize', true, false, window, 0); iframe.dispatchEvent(resizeEvent);});}})})<\/script><iframe class='civitatis-iframe' src='https:\/\/www.civitatis.com\/widget-activities\/?affiliated=1512&display=cosy&cant=12&lang=es&currency=EUR&activities=234,2671,6536,130,4082,4084,18301,3423,4150,4781,4273,701&transfer=0&cmp=free_tour_inpetransfer&width=100%&hideButton=0&centerContent=1&typeSelection=manual&color=acbd51&typography=Montserrat&removeBackground=1&showShadow=0&roundedButtons=1' width='100%'  frameborder='0' data-maxwidth='100%' style='max-width: 100%' ><\/iframe><\/div>\t\t\t\t<\/div>\n\t\t\t\t<\/div>\n\t\t\t\t\t<\/div>\n\t\t<\/div>\n\t\t\t\t\t<\/div>\n\t\t<\/section>\n\t\t\t\t<section class=\"elementor-section elementor-top-section elementor-element elementor-element-c49bb03 elementor-section-boxed elementor-section-height-default elementor-section-height-default\" data-id=\"c49bb03\" data-element_type=\"section\" data-e-type=\"section\">\n\t\t\t\t\t\t\t<div class=\"elementor-background-overlay\"><\/div>\n\t\t\t\t\t\t\t<div class=\"elementor-container elementor-column-gap-default\">\n\t\t\t\t\t<div class=\"elementor-column elementor-col-50 elementor-top-column elementor-element elementor-element-2c77501\" data-id=\"2c77501\" data-element_type=\"column\" data-e-type=\"column\">\n\t\t\t<div class=\"elementor-widget-wrap elementor-element-populated\">\n\t\t\t\t\t\t<div class=\"elementor-element elementor-element-906d20f elementor-widget elementor-widget-spacer\" data-id=\"906d20f\" data-element_type=\"widget\" data-e-type=\"widget\" data-widget_type=\"spacer.default\">\n\t\t\t\t<div class=\"elementor-widget-container\">\n\t\t\t\t\t\t\t<div class=\"elementor-spacer\">\n\t\t\t<div class=\"elementor-spacer-inner\"><\/div>\n\t\t<\/div>\n\t\t\t\t\t\t<\/div>\n\t\t\t\t<\/div>\n\t\t\t\t<div class=\"elementor-element elementor-element-ec68dea elementor-widget__width-initial elementor-widget elementor-widget-image\" data-id=\"ec68dea\" data-element_type=\"widget\" data-e-type=\"widget\" data-widget_type=\"image.default\">\n\t\t\t\t<div class=\"elementor-widget-container\">\n\t\t\t\t\t\t\t\t\t\t\t\t\t\t\t\t<a href=\"https:\/\/agencia.inpetravel.com\/guias-de-viajes\/\" target=\"_blank\">\n\t\t\t\t\t\t\t<img fetchpriority=\"high\" decoding=\"async\" width=\"500\" height=\"600\" src=\"https:\/\/i0.wp.com\/www.inpetransfer.com\/wp-content\/uploads\/mockup-guia-de-viajes.png?fit=500%2C600&amp;ssl=1\" class=\"attachment-large size-large wp-image-15852\" alt=\"\" srcset=\"https:\/\/i0.wp.com\/www.inpetransfer.com\/wp-content\/uploads\/mockup-guia-de-viajes.png?w=500&amp;ssl=1 500w, https:\/\/i0.wp.com\/www.inpetransfer.com\/wp-content\/uploads\/mockup-guia-de-viajes.png?resize=250%2C300&amp;ssl=1 250w, https:\/\/i0.wp.com\/www.inpetransfer.com\/wp-content\/uploads\/mockup-guia-de-viajes.png?resize=10%2C12&amp;ssl=1 10w\" sizes=\"(max-width: 500px) 100vw, 500px\" \/>\t\t\t\t\t\t\t\t<\/a>\n\t\t\t\t\t\t\t\t\t\t\t\t\t\t\t<\/div>\n\t\t\t\t<\/div>\n\t\t\t\t\t<\/div>\n\t\t<\/div>\n\t\t\t\t<div class=\"elementor-column elementor-col-50 elementor-top-column elementor-element elementor-element-c7c4857\" data-id=\"c7c4857\" data-element_type=\"column\" data-e-type=\"column\">\n\t\t\t<div class=\"elementor-widget-wrap elementor-element-populated\">\n\t\t\t\t\t\t<div class=\"elementor-element elementor-element-cd27e7c elementor-widget elementor-widget-heading\" data-id=\"cd27e7c\" data-element_type=\"widget\" data-e-type=\"widget\" data-widget_type=\"heading.default\">\n\t\t\t\t<div class=\"elementor-widget-container\">\n\t\t\t\t\t<h1 class=\"elementor-heading-title elementor-size-default\">Descubre el Mundo con Nuestra Gu\u00eda de Viajes Completa<\/h1>\t\t\t\t<\/div>\n\t\t\t\t<\/div>\n\t\t\t\t<div class=\"elementor-element elementor-element-f6e249f elementor-widget__width-initial elementor-widget elementor-widget-heading\" data-id=\"f6e249f\" data-element_type=\"widget\" data-e-type=\"widget\" data-widget_type=\"heading.default\">\n\t\t\t\t<div class=\"elementor-widget-container\">\n\t\t\t\t\t<h4 class=\"elementor-heading-title elementor-size-default\">Explora destinos \u00fanicos, recibe consejos de expertos y planifica aventuras inolvidables<\/h4>\t\t\t\t<\/div>\n\t\t\t\t<\/div>\n\t\t\t\t<div class=\"elementor-element elementor-element-e11747b elementor-widget__width-initial elementor-widget elementor-widget-heading\" data-id=\"e11747b\" data-element_type=\"widget\" data-e-type=\"widget\" data-widget_type=\"heading.default\">\n\t\t\t\t<div class=\"elementor-widget-container\">\n\t\t\t\t\t<span class=\"elementor-heading-title elementor-size-default\"><a href=\"https:\/\/agencia.inpetravel.com\/guias-de-viajes\/\" target=\"_blank\"><p>Nuestra <strong>gu&iacute;a de viaje<\/strong>&nbsp;te brinda toda la informaci&oacute;n para planificar aventuras inolvidables. Con datos actualizados, podr&aacute;s explorar destinos fascinantes, desde ciudades hist&oacute;ricas hasta paisajes naturales.<br \/><br \/>Gracias a los consejos de expertos, tus <strong>viajes<\/strong> ser&aacute;n experiencias &uacute;nicas y seguras. La plataforma ofrece recursos pr&aacute;cticos para organizar tu itinerario, combinando alojamiento, gastronom&iacute;a, actividades culturales y transporte. Adem&aacute;s, encontrar&aacute;s actualizaciones constantes y consejos exclusivos para aprovechar cada oportunidad. <br \/><br \/>Ya sea que viajes solo, en pareja o en familia, nuestra<strong> guia de viaje<\/strong> se adapta a tus necesidades, ofreciendo inspiraci&oacute;n y herramientas para cumplir tus sue&ntilde;os. Visita nuestra web y empieza a planificar tu pr&oacute;xima experiencia. <br \/><br \/><strong>&iexcl;El mundo te espera, lleno de historias por descubrir en cada rinc&oacute;n!<\/strong><\/p><\/a><\/span>\t\t\t\t<\/div>\n\t\t\t\t<\/div>\n\t\t\t\t\t<\/div>\n\t\t<\/div>\n\t\t\t\t\t<\/div>\n\t\t<\/section>\n\t\t\t\t<\/div>\n\t\t","protected":false},"excerpt":{"rendered":"<p>Vive experiencias \u00fanicas con nuestros free tours y en castellano MIl\u00e1n, Brujas, Madrid, Bruselas, Amsterdam, Paris, Nueva York&#8230; Descubre las ciudades m\u00e1s emblem\u00e1ticas con nuestros Free Tours en espa\u00f1ol. Disfruta de una experiencia \u00fanica, guiada por expertos locales que te mostrar\u00e1n los rincones m\u00e1s especiales, la historia, las curiosidades y [&hellip;]<\/p>\n","protected":false},"author":4,"featured_media":16194,"parent":0,"menu_order":0,"comment_status":"closed","ping_status":"closed","template":"page-templates\/template-pagebuilder-full-width.php","meta":{"_acf_changed":false,"footnotes":""},"class_list":["post-16189","page","type-page","status-publish","has-post-thumbnail","hentry"],"acf":[],"aioseo_notices":[],"_links":{"self":[{"href":"https:\/\/www.inpetransfer.com\/en\/wp-json\/wp\/v2\/pages\/16189","targetHints":{"allow":["GET"]}}],"collection":[{"href":"https:\/\/www.inpetransfer.com\/en\/wp-json\/wp\/v2\/pages"}],"about":[{"href":"https:\/\/www.inpetransfer.com\/en\/wp-json\/wp\/v2\/types\/page"}],"author":[{"embeddable":true,"href":"https:\/\/www.inpetransfer.com\/en\/wp-json\/wp\/v2\/users\/4"}],"replies":[{"embeddable":true,"href":"https:\/\/www.inpetransfer.com\/en\/wp-json\/wp\/v2\/comments?post=16189"}],"version-history":[{"count":0,"href":"https:\/\/www.inpetransfer.com\/en\/wp-json\/wp\/v2\/pages\/16189\/revisions"}],"wp:featuredmedia":[{"embeddable":true,"href":"https:\/\/www.inpetransfer.com\/en\/wp-json\/wp\/v2\/media\/16194"}],"wp:attachment":[{"href":"https:\/\/www.inpetransfer.com\/en\/wp-json\/wp\/v2\/media?parent=16189"}],"curies":[{"name":"wp","href":"https:\/\/api.w.org\/{rel}","templated":true}]}}