{"id":254,"date":"2018-12-10T21:58:53","date_gmt":"2018-12-10T21:58:53","guid":{"rendered":"https:\/\/inpetransfer.com\/?page_id=254"},"modified":"2026-04-16T15:47:01","modified_gmt":"2026-04-16T15:47:01","slug":"agencias-de-viajes-y-colaboradores","status":"publish","type":"page","link":"https:\/\/www.inpetransfer.com\/en\/agencias-de-viajes-y-colaboradores\/","title":{"rendered":"Travel agencies and collaborators"},"content":{"rendered":"\t\t<div data-elementor-type=\"wp-post\" data-elementor-id=\"254\" class=\"elementor elementor-254\">\n\t\t\t\t\t\t<section class=\"elementor-section elementor-top-section elementor-element elementor-element-3fd7ff6 elementor-section-boxed elementor-section-height-default elementor-section-height-default\" data-id=\"3fd7ff6\" data-element_type=\"section\" data-e-type=\"section\">\n\t\t\t\t\t\t<div class=\"elementor-container elementor-column-gap-default\">\n\t\t\t\t\t<div class=\"elementor-column elementor-col-100 elementor-top-column elementor-element elementor-element-21bc05a\" data-id=\"21bc05a\" data-element_type=\"column\" data-e-type=\"column\">\n\t\t\t<div class=\"elementor-widget-wrap elementor-element-populated\">\n\t\t\t\t\t\t<div class=\"elementor-element elementor-element-4e95d23 elementor-widget elementor-widget-heading\" data-id=\"4e95d23\" data-element_type=\"widget\" data-e-type=\"widget\" data-widget_type=\"heading.default\">\n\t\t\t\t<div class=\"elementor-widget-container\">\n\t\t\t\t\t<h1 class=\"elementor-heading-title elementor-size-default\">Agencias de Viajes y Colaboradores<\/h1>\t\t\t\t<\/div>\n\t\t\t\t<\/div>\n\t\t\t\t\t<\/div>\n\t\t<\/div>\n\t\t\t\t\t<\/div>\n\t\t<\/section>\n\t\t\t\t<section class=\"elementor-section elementor-top-section elementor-element elementor-element-4fc962e8 elementor-section-boxed elementor-section-height-default elementor-section-height-default\" data-id=\"4fc962e8\" data-element_type=\"section\" data-e-type=\"section\">\n\t\t\t\t\t\t<div class=\"elementor-container elementor-column-gap-default\">\n\t\t\t\t\t<div class=\"elementor-column elementor-col-100 elementor-top-column elementor-element elementor-element-64275863\" data-id=\"64275863\" data-element_type=\"column\" data-e-type=\"column\">\n\t\t\t<div class=\"elementor-widget-wrap elementor-element-populated\">\n\t\t\t\t\t\t<div class=\"elementor-element elementor-element-93e9331 elementor-widget elementor-widget-heading\" data-id=\"93e9331\" data-element_type=\"widget\" data-e-type=\"widget\" data-widget_type=\"heading.default\">\n\t\t\t\t<div class=\"elementor-widget-container\">\n\t\t\t\t\t<h2 class=\"elementor-heading-title elementor-size-default\">Mayorista de traslados privados en Aeropuertos<\/h2>\t\t\t\t<\/div>\n\t\t\t\t<\/div>\n\t\t\t\t<div class=\"elementor-element elementor-element-4174c73 elementor-widget elementor-widget-heading\" data-id=\"4174c73\" data-element_type=\"widget\" data-e-type=\"widget\" data-widget_type=\"heading.default\">\n\t\t\t\t<div class=\"elementor-widget-container\">\n\t\t\t\t\t<span class=\"elementor-heading-title elementor-size-default\">Presentamos nuestra nueva <b>plataforma de traslados privados<\/b>, una evoluci\u00f3n de nuestro sistema anterior, dise\u00f1ada especialmente para <b>agencias de viajes<\/b>, <b>touroperadores<\/b>, <b>plataformas online<\/b> y <b>colaboradores profesionales<\/b>.\n<br><br>\nDesde nuestra web podr\u00e1 <b>registrarse como empresa o aut\u00f3nomo<\/b> y acceder a <b>reservas inmediatas<\/b> en una amplia red de <b>destinos nacionales e internacionales<\/b>.\n<\/span>\t\t\t\t<\/div>\n\t\t\t\t<\/div>\n\t\t\t\t<div class=\"elementor-element elementor-element-fd57c53 elementor-widget elementor-widget-text-editor\" data-id=\"fd57c53\" data-element_type=\"widget\" data-e-type=\"widget\" data-widget_type=\"text-editor.default\">\n\t\t\t\t<div class=\"elementor-widget-container\">\n\t\t\t\t\t\t\t\t\t<h3>Ventajas para agentes y colaboradores<\/h3>\n<ul>\n<li><b>Tarifas exclusivas<\/b> con precios por debajo del PVP publicado.<\/li>\n<li><b>Perfiles de precios personalizados<\/b> (<i>Agencia<\/i> y <i>Agencia Plus<\/i>), ajustados al volumen de ventas.<\/li>\n<li><b>Contrataci\u00f3n directa con proveedores locales<\/b>, sin intermediarios, lo que garantiza <b>mayor control operativo<\/b>, <b>mejor calidad de servicio<\/b> y <b>precios altamente competitivos<\/b>.<\/li>\n<li><b>Panel de gesti\u00f3n integral<\/b>, donde podr\u00e1 consultar y administrar reservas, as\u00ed como <b>descargar bonos, facturas proforma, <\/b>facturas finales<b>, novedades y otros documentos<\/b> con total autonom\u00eda.<\/li>\n<li><b>Pagos agrupados TPV y Banco:&nbsp;<\/b> Paga c\u00f3modamente reservas de varios clientes de forma f\u00e1cil y segura.<\/li>\n<li><strong>Club Inpetransfer:<\/strong>&nbsp;nuevo sistema de fidelizaci\u00f3n donde conseguir regalos por las ventas realizadas.&nbsp;<\/li>\n<li><b>Gu\u00edas de Viaje:<\/b> con informaci\u00f3n pr\u00e1ctica de cada destino para ofrecer un mejor servicio al cliente final.<\/li>\n<li><b>Bonos personalizados con su logotipo<\/b>, listos para entregar a sus clientes.<\/li>\n<li><b>Control de afiliados<\/b>, con acceso al seguimiento y rendimiento de sus ventas.<\/li>\n<li><b>Web gratuita de venta directa<\/b>, con posibilidad de generar ingresos mediante nuestro sistema de afiliaci\u00f3n.<\/li>\n<li><b>Material promocional descargable<\/b>, como enlaces y banners para integrar en su propia web.<\/li>\n<li><b>Confirmaci\u00f3n inmediata por correo electr\u00f3nico<\/b>, con todos los datos de la reserva y contactos de emergencia.<\/li>\n<li><b>Atenci\u00f3n humana y personalizada<\/b>: sin contestadores autom\u00e1ticos ni sistemas robotizados.<\/li>\n<li><b>Asistencia por WhatsApp 24\/7<\/b> para emergencias de clientes en destino.<\/li><li><b>Secci\u00f3n comunicados:<\/b> donde encontrar\u00e1n avisos, actualizaciones y noticias relevantes del sector.<\/li>\n<\/ul>\n<p>Con <b>los precios m\u00e1s competitivos en Espa\u00f1a, Europa y el resto del mundo<\/b>, nuestra plataforma combina <b>tecnolog\u00eda, eficiencia y trato humano<\/b>, ofreciendo a cada colaborador la <b>confianza operativa y rentabilidad<\/b> que su negocio necesita.<\/p>\t\t\t\t\t\t\t\t<\/div>\n\t\t\t\t<\/div>\n\t\t\t\t<div class=\"elementor-element elementor-element-c072477 elementor-widget elementor-widget-heading\" data-id=\"c072477\" data-element_type=\"widget\" data-e-type=\"widget\" data-widget_type=\"heading.default\">\n\t\t\t\t<div class=\"elementor-widget-container\">\n\t\t\t\t\t<span class=\"elementor-heading-title elementor-size-default\">No solo ofrecemos traslados privados en los aeropuertos que puedes ver en el buscador de reservas. Si alg\u00fan aeropuerto o destino no lo encuentras, escr\u00edbenos a soporte@inpetransfer.com y te enviamos la cotizaci\u00f3n lo antes posible.<\/span>\t\t\t\t<\/div>\n\t\t\t\t<\/div>\n\t\t\t\t\t<\/div>\n\t\t<\/div>\n\t\t\t\t\t<\/div>\n\t\t<\/section>\n\t\t\t\t<section class=\"elementor-section elementor-top-section elementor-element elementor-element-75b5eac elementor-section-boxed elementor-section-height-default elementor-section-height-default\" data-id=\"75b5eac\" data-element_type=\"section\" data-e-type=\"section\">\n\t\t\t\t\t\t<div class=\"elementor-container elementor-column-gap-default\">\n\t\t\t\t\t<div class=\"elementor-column elementor-col-100 elementor-top-column elementor-element elementor-element-7876eca\" data-id=\"7876eca\" data-element_type=\"column\" data-e-type=\"column\">\n\t\t\t<div class=\"elementor-widget-wrap elementor-element-populated\">\n\t\t\t\t\t\t<div class=\"elementor-element elementor-element-fb4254c elementor-button-success elementor-align-center elementor-widget elementor-widget-button\" data-id=\"fb4254c\" data-element_type=\"widget\" data-e-type=\"widget\" data-widget_type=\"button.default\">\n\t\t\t\t<div class=\"elementor-widget-container\">\n\t\t\t\t\t\t\t\t\t<div class=\"elementor-button-wrapper\">\n\t\t\t\t\t<a class=\"elementor-button elementor-button-link elementor-size-sm\" href=\"https:\/\/www.inpetransfer.com\/servicios\/dashboard.php\">\n\t\t\t\t\t\t<span class=\"elementor-button-content-wrapper\">\n\t\t\t\t\t\t<span class=\"elementor-button-icon\">\n\t\t\t\t<i aria-hidden=\"true\" class=\"far fa-check-circle\"><\/i>\t\t\t<\/span>\n\t\t\t\t\t\t\t\t\t<span class=\"elementor-button-text\">Acceso Agencias y colaboradores<\/span>\n\t\t\t\t\t<\/span>\n\t\t\t\t\t<\/a>\n\t\t\t\t<\/div>\n\t\t\t\t\t\t\t\t<\/div>\n\t\t\t\t<\/div>\n\t\t\t\t\t<\/div>\n\t\t<\/div>\n\t\t\t\t\t<\/div>\n\t\t<\/section>\n\t\t\t\t<section class=\"elementor-section elementor-top-section elementor-element elementor-element-0ba90f4 elementor-section-stretched elementor-section-boxed elementor-section-height-default elementor-section-height-default\" data-id=\"0ba90f4\" data-element_type=\"section\" data-e-type=\"section\" data-settings=\"{&quot;stretch_section&quot;:&quot;section-stretched&quot;,&quot;background_background&quot;:&quot;classic&quot;}\">\n\t\t\t\t\t\t<div class=\"elementor-container elementor-column-gap-default\">\n\t\t\t\t\t<div class=\"elementor-column elementor-col-100 elementor-top-column elementor-element elementor-element-4bd55da\" data-id=\"4bd55da\" data-element_type=\"column\" data-e-type=\"column\">\n\t\t\t<div class=\"elementor-widget-wrap elementor-element-populated\">\n\t\t\t\t\t\t<div class=\"elementor-element elementor-element-7075015 elementor-widget elementor-widget-heading\" data-id=\"7075015\" data-element_type=\"widget\" data-e-type=\"widget\" data-widget_type=\"heading.default\">\n\t\t\t\t<div class=\"elementor-widget-container\">\n\t\t\t\t\t<h2 class=\"elementor-heading-title elementor-size-default\">Crecemos juntos? Acompa\u00f1anos en este viaje<\/h2>\t\t\t\t<\/div>\n\t\t\t\t<\/div>\n\t\t\t\t<div class=\"elementor-element elementor-element-39f83e9 elementor-widget elementor-widget-text-editor\" data-id=\"39f83e9\" data-element_type=\"widget\" data-e-type=\"widget\" data-widget_type=\"text-editor.default\">\n\t\t\t\t<div class=\"elementor-widget-container\">\n\t\t\t\t\t\t\t\t\t<h2><span style=\"color: #ffffff;\"><strong><\/strong><\/span><\/h2><h4 style=\"text-align: center;\"><span style=\"color: #ffffff; font-family: arial, helvetica, sans-serif; font-size: 20px;\"><strong>No somos los mejores, pero trabajamos para ofrecer lo mejor de nosotros.<\/strong><\/span><\/h4><div><\/div><blockquote><p><span style=\"color: #ffffff; font-family: arial, helvetica, sans-serif; font-size: 20px;\"><strong>Si solo trabajas por dinero, nunca lo conseguir\u00e1s, pero si amas lo que haces y siempre pones primero al cliente, el \u00e9xito ser\u00e1 tuyo<\/strong> \u2013 Ray Kroc<\/span><\/p><\/blockquote>\t\t\t\t\t\t\t\t<\/div>\n\t\t\t\t<\/div>\n\t\t\t\t\t<\/div>\n\t\t<\/div>\n\t\t\t\t\t<\/div>\n\t\t<\/section>\n\t\t\t\t<section class=\"elementor-section elementor-top-section elementor-element elementor-element-26eee12 elementor-section-boxed elementor-section-height-default elementor-section-height-default\" data-id=\"26eee12\" data-element_type=\"section\" data-e-type=\"section\">\n\t\t\t\t\t\t<div class=\"elementor-container elementor-column-gap-default\">\n\t\t\t\t\t<div class=\"elementor-column elementor-col-100 elementor-top-column elementor-element elementor-element-e60443a\" data-id=\"e60443a\" data-element_type=\"column\" data-e-type=\"column\">\n\t\t\t<div class=\"elementor-widget-wrap elementor-element-populated\">\n\t\t\t\t\t\t<div class=\"elementor-element elementor-element-3782092 elementor-widget elementor-widget-heading\" data-id=\"3782092\" data-element_type=\"widget\" data-e-type=\"widget\" data-widget_type=\"heading.default\">\n\t\t\t\t<div class=\"elementor-widget-container\">\n\t\t\t\t\t<h3 class=\"elementor-heading-title elementor-size-default\">Tienes dudas? Escr\u00edbenos<\/h3>\t\t\t\t<\/div>\n\t\t\t\t<\/div>\n\t\t\t\t<div class=\"elementor-element elementor-element-607ffff elementor-widget elementor-widget-wp-widget-wpforms-widget\" data-id=\"607ffff\" data-element_type=\"widget\" data-e-type=\"widget\" data-widget_type=\"wp-widget-wpforms-widget.default\">\n\t\t\t\t<div class=\"elementor-widget-container\">\n\t\t\t\t\t<div class=\"wpforms-container wpforms-container-full\" id=\"wpforms-526\"><form id=\"wpforms-form-526\" class=\"wpforms-validate wpforms-form\" data-formid=\"526\" method=\"post\" enctype=\"multipart\/form-data\" action=\"\/en\/wp-json\/wp\/v2\/pages\/254\" data-token=\"e0f876dd29e13baf6f57bb2978a8fba5\"><noscript class=\"wpforms-error-noscript\">Please enable JavaScript in your browser to complete this form.<\/noscript><div class=\"wpforms-field-container\"><div id=\"wpforms-526-field_0-container\" class=\"wpforms-field wpforms-field-name\" data-field-id=\"0\"><label class=\"wpforms-field-label\" for=\"wpforms-526-field_0\">Nombre <span class=\"wpforms-required-label\">*<\/span><\/label><div class=\"wpforms-field-row wpforms-field-medium\"><div class=\"wpforms-field-row-block wpforms-first wpforms-one-half\"><input type=\"text\" id=\"wpforms-526-field_0\" class=\"wpforms-field-name-first wpforms-field-required\" name=\"wpforms[fields][0][first]\" required><label for=\"wpforms-526-field_0\" class=\"wpforms-field-sublabel after \">First<\/label><\/div><div class=\"wpforms-field-row-block wpforms-one-half\"><input type=\"text\" id=\"wpforms-526-field_0-last\" class=\"wpforms-field-name-last wpforms-field-required\" name=\"wpforms[fields][0][last]\" required><label for=\"wpforms-526-field_0-last\" class=\"wpforms-field-sublabel after \">Last<\/label><\/div><\/div><\/div><div id=\"wpforms-526-field_6-container\" class=\"wpforms-field wpforms-field-number\" data-field-id=\"6\"><label class=\"wpforms-field-label\" for=\"wpforms-526-field_6\">Telefono de contacto <span class=\"wpforms-required-label\">*<\/span><\/label><input type=\"number\" pattern=\"\\d*\" id=\"wpforms-526-field_6\" class=\"wpforms-field-medium wpforms-field-required\" name=\"wpforms[fields][6]\" required><\/div><div id=\"wpforms-526-field_1-container\" class=\"wpforms-field wpforms-field-email\" data-field-id=\"1\"><label class=\"wpforms-field-label\" for=\"wpforms-526-field_1\">Correo electr\u00f3nico <span class=\"wpforms-required-label\">*<\/span><\/label><input type=\"email\" id=\"wpforms-526-field_1\" class=\"wpforms-field-medium wpforms-field-required\" name=\"wpforms[fields][1]\" required><\/div><div id=\"wpforms-526-field_4-container\" class=\"wpforms-field wpforms-field-select wpforms-field-select-style-classic\" data-field-id=\"4\"><label class=\"wpforms-field-label\" for=\"wpforms-526-field_4\">Asunto <span class=\"wpforms-required-label\">*<\/span><\/label><select id=\"wpforms-526-field_4\" class=\"wpforms-field-medium wpforms-field-required\" name=\"wpforms[fields][4]\" required=\"required\"><option value=\"Atencion al cliente\" >Atencion al cliente<\/option><option value=\"Agentes y colaboradores\" >Agentes y colaboradores<\/option><option value=\"Quejas y reclamaciones\" >Quejas y reclamaciones<\/option><option value=\"Sistema de Afiliados\" >Sistema de Afiliados<\/option><option value=\"Conductores\" >Conductores<\/option><option value=\"Marketing\" >Marketing<\/option><\/select><\/div><div id=\"wpforms-526-field_5-container\" class=\"wpforms-field wpforms-field-textarea\" data-field-id=\"5\"><label class=\"wpforms-field-label\" for=\"wpforms-526-field_5\">Explicanos tus dudas <span class=\"wpforms-required-label\">*<\/span><\/label><textarea id=\"wpforms-526-field_5\" class=\"wpforms-field-medium wpforms-field-required\" name=\"wpforms[fields][5]\" required><\/textarea><\/div><div id=\"wpforms-526-field_2-container\" class=\"wpforms-field wpforms-field-gdpr-checkbox\" data-field-id=\"2\"><label class=\"wpforms-field-label\" for=\"wpforms-526-field_2\">Acuerdo RGPD - Pol\u00edtica de Privacidad <span class=\"wpforms-required-label\">*<\/span><\/label><ul id=\"wpforms-526-field_2\" class=\"wpforms-field-required\"><li class=\"choice-1\"><input type=\"checkbox\" id=\"wpforms-526-field_2_1\" name=\"wpforms[fields][2][]\" value=\"Doy mi consentimiento para que esta tienda web almacene la informaci\u00f3n enviada para que puedan responder a mis peticiones. \" required ><label class=\"wpforms-field-label-inline\" for=\"wpforms-526-field_2_1\">Doy mi consentimiento para que esta tienda web almacene la informaci\u00f3n enviada para que puedan responder a mis peticiones. <\/label><\/li><\/ul><div class=\"wpforms-field-description\">Le informamos conforme a lo previsto en el RGPD de 27 de abril de 2016 que INPE CONSULTING M\u00c1LAGA, S.L., recaba y trata sus datos de car\u00e1cter personal, aplicando las medidas t\u00e9cnicas y organizativas que garantizan su confidencialidad, con la finalidad de gestionar la relaci\u00f3n que le vincula. Usted da su consentimiento y autorizaci\u00f3n para dicho tratamiento. Conservaremos sus datos de car\u00e1cter personal \u00fanicamente el tiempo imprescindible para gestionar nuestra relaci\u00f3n. Podr\u00e1 ejercitar los derechos de acceso, rectificaci\u00f3n, supresi\u00f3n, limitaci\u00f3n, portabilidad y oposici\u00f3n dirigi\u00e9ndose a INPE CONSULTING M\u00c1LAGA, S.L. con direcci\u00f3n Camino San Rafael, 23, local 3, M\u00c1LAGA, 29006 MALAGA.<\/div><\/div><\/div><div class=\"wpforms-field wpforms-field-hp\"><label for=\"wpforms-526-field-hp\" class=\"wpforms-field-label\">Phone<\/label><input type=\"text\" name=\"wpforms[hp]\" id=\"wpforms-526-field-hp\" class=\"wpforms-field-medium\"><\/div><div class=\"wpforms-recaptcha-container wpforms-is-recaptcha\" ><div class=\"g-recaptcha\" data-sitekey=\"6LfzRLsUAAAAABksOSy5aW-dGehUL_N5ksduq3H8\"><\/div><input type=\"text\" name=\"g-recaptcha-hidden\" class=\"wpforms-recaptcha-hidden\" style=\"position:absolute!important;clip:rect(0,0,0,0)!important;height:1px!important;width:1px!important;border:0!important;overflow:hidden!important;padding:0!important;margin:0!important;\" required><\/div><div class=\"wpforms-submit-container\" ><input type=\"hidden\" name=\"wpforms[id]\" value=\"526\"><input type=\"hidden\" name=\"wpforms[author]\" value=\"8\"><button type=\"submit\" name=\"wpforms[submit]\" class=\"wpforms-submit \" id=\"wpforms-submit-526\" value=\"wpforms-submit\" aria-live=\"assertive\" data-alt-text=\"Enviando...\" data-submit-text=\"Enviar\">Enviar<\/button><\/div><\/form><\/div>  <!-- .wpforms-container -->\t\t\t\t<\/div>\n\t\t\t\t<\/div>\n\t\t\t\t\t<\/div>\n\t\t<\/div>\n\t\t\t\t\t<\/div>\n\t\t<\/section>\n\t\t\t\t<\/div>\n\t\t","protected":false},"excerpt":{"rendered":"<p>Agencias de Viajes y Colaboradores Mayorista de traslados privados en Aeropuertos Presentamos nuestra nueva plataforma de traslados privados, una evoluci\u00f3n de nuestro sistema anterior, dise\u00f1ada especialmente para agencias de viajes, touroperadores, plataformas online y colaboradores profesionales. Desde nuestra web podr\u00e1 registrarse como empresa o aut\u00f3nomo y acceder a reservas inmediatas [&hellip;]<\/p>\n","protected":false},"author":8,"featured_media":476,"parent":0,"menu_order":0,"comment_status":"closed","ping_status":"closed","template":"agencias-viajes-colaboradores.php","meta":{"_acf_changed":false,"footnotes":""},"class_list":["post-254","page","type-page","status-publish","has-post-thumbnail","hentry"],"acf":[],"aioseo_notices":[],"_links":{"self":[{"href":"https:\/\/www.inpetransfer.com\/en\/wp-json\/wp\/v2\/pages\/254","targetHints":{"allow":["GET"]}}],"collection":[{"href":"https:\/\/www.inpetransfer.com\/en\/wp-json\/wp\/v2\/pages"}],"about":[{"href":"https:\/\/www.inpetransfer.com\/en\/wp-json\/wp\/v2\/types\/page"}],"author":[{"embeddable":true,"href":"https:\/\/www.inpetransfer.com\/en\/wp-json\/wp\/v2\/users\/8"}],"replies":[{"embeddable":true,"href":"https:\/\/www.inpetransfer.com\/en\/wp-json\/wp\/v2\/comments?post=254"}],"version-history":[{"count":2,"href":"https:\/\/www.inpetransfer.com\/en\/wp-json\/wp\/v2\/pages\/254\/revisions"}],"predecessor-version":[{"id":17002,"href":"https:\/\/www.inpetransfer.com\/en\/wp-json\/wp\/v2\/pages\/254\/revisions\/17002"}],"wp:featuredmedia":[{"embeddable":true,"href":"https:\/\/www.inpetransfer.com\/en\/wp-json\/wp\/v2\/media\/476"}],"wp:attachment":[{"href":"https:\/\/www.inpetransfer.com\/en\/wp-json\/wp\/v2\/media?parent=254"}],"curies":[{"name":"wp","href":"https:\/\/api.w.org\/{rel}","templated":true}]}}