{"id":423,"date":"2018-12-11T18:52:32","date_gmt":"2018-12-11T18:52:32","guid":{"rendered":"https:\/\/inpetransfer.com\/?page_id=423"},"modified":"2026-04-14T17:40:14","modified_gmt":"2026-04-14T17:40:14","slug":"conductores-y-empresas-de-transporte","status":"publish","type":"page","link":"https:\/\/www.inpetransfer.com\/en\/conductores-y-empresas-de-transporte\/","title":{"rendered":"Suppliers and transport companies"},"content":{"rendered":"\t\t<div data-elementor-type=\"wp-post\" data-elementor-id=\"423\" class=\"elementor elementor-423\">\n\t\t\t\t\t\t<header class=\"elementor-section elementor-top-section elementor-element elementor-element-007ed46 elementor-section-boxed elementor-section-height-default elementor-section-height-default\" data-id=\"007ed46\" data-element_type=\"section\" data-e-type=\"section\">\n\t\t\t\t\t\t<div class=\"elementor-container elementor-column-gap-default\">\n\t\t\t\t\t<header class=\"elementor-column elementor-col-100 elementor-top-column elementor-element elementor-element-69a2bb7\" data-id=\"69a2bb7\" data-element_type=\"column\" data-e-type=\"column\">\n\t\t\t<div class=\"elementor-widget-wrap elementor-element-populated\">\n\t\t\t\t\t\t<div class=\"elementor-element elementor-element-ddb330a elementor-widget elementor-widget-heading\" data-id=\"ddb330a\" data-element_type=\"widget\" data-e-type=\"widget\" data-widget_type=\"heading.default\">\n\t\t\t\t<div class=\"elementor-widget-container\">\n\t\t\t\t\t<h1 class=\"elementor-heading-title elementor-size-default\">Conductores y profesionales del transporte<\/h1>\t\t\t\t<\/div>\n\t\t\t\t<\/div>\n\t\t\t\t<div class=\"elementor-element elementor-element-4aaba55 elementor-widget elementor-widget-heading\" data-id=\"4aaba55\" data-element_type=\"widget\" data-e-type=\"widget\" data-widget_type=\"heading.default\">\n\t\t\t\t<div class=\"elementor-widget-container\">\n\t\t\t\t\t<h3 class=\"elementor-heading-title elementor-size-default\">Buscamos empresas por todo el mundo<\/h3>\t\t\t\t<\/div>\n\t\t\t\t<\/div>\n\t\t\t\t\t<\/div>\n\t\t<\/header>\n\t\t\t\t\t<\/div>\n\t\t<\/header>\n\t\t\t\t<section class=\"elementor-section elementor-top-section elementor-element elementor-element-d5adcf0 elementor-section-boxed elementor-section-height-default elementor-section-height-default\" data-id=\"d5adcf0\" data-element_type=\"section\" data-e-type=\"section\">\n\t\t\t\t\t\t<div class=\"elementor-container elementor-column-gap-default\">\n\t\t\t\t\t<div class=\"elementor-column elementor-col-100 elementor-top-column elementor-element elementor-element-923504c\" data-id=\"923504c\" data-element_type=\"column\" data-e-type=\"column\">\n\t\t\t<div class=\"elementor-widget-wrap elementor-element-populated\">\n\t\t\t\t\t\t<div class=\"elementor-element elementor-element-7329347 elementor-widget elementor-widget-heading\" data-id=\"7329347\" data-element_type=\"widget\" data-e-type=\"widget\" data-widget_type=\"heading.default\">\n\t\t\t\t<div class=\"elementor-widget-container\">\n\t\t\t\t\t<p class=\"elementor-heading-title elementor-size-default\">\n  <p>Si eres una <b>empresa de transporte profesional<\/b> y realizas <b>traslados desde aeropuertos<\/b> u otros puntos estrat\u00e9gicos, nos interesa conocerte. En <b>Inpetransfer<\/b> buscamos colaboradores fiables y comprometidos para ampliar nuestra red de proveedores a nivel nacional e internacional.<\/p>\n\n  <p>Rellena el formulario de registro o env\u00edanos la informaci\u00f3n solicitada y nuestro equipo operativo la evaluar\u00e1 con la rapidez que exige un sector donde la puntualidad no es opcional.<\/p>\n\n  <p><b>Por favor, env\u00eda o indica:<\/b><\/p>\n  <ul>\n    <li><b>Nombre de la empresa<\/b> y NIF\/CIF.<\/li>\n    <li><b>Tipos de veh\u00edculos<\/b> disponibles (ej. berlina, monovolumen, minib\u00fas, VTC, etc.).<\/li>\n    <li><b>Tarifas <\/b>y pol\u00edticas de precios (tarifa fija, por km, suplementos de aeropuerto, horarios nocturnos, etc.).<\/li>\n    <li><b>Zonas de cobertura<\/b> y base\/es de operaci\u00f3n.<\/li>\n    <li><b>Capacidad operativa<\/b> (flota total, conductores disponibles, idiomas hablados).<\/li>\n    <li><b>Seguros y licencias<\/b> relevantes (seguro de responsabilidad, autorizaciones VTC\/taxi, etc.).<\/li>\n    <li>Contacto comercial directo: <b>nombre<\/b>, <b>tel\u00e9fono<\/b> y <b>correo electr\u00f3nico<\/b>.<\/li>\n    <li>Enlaces a <b>opiniones, certificaciones<\/b> o documentaci\u00f3n adicional que consideres relevante.<\/li>\n  <\/ul>\n\n  <p>Una vez recibida la informaci\u00f3n, nuestro equipo la revisar\u00e1 y se pondr\u00e1 en contacto para validar la colaboraci\u00f3n y cerrar condiciones comerciales. Valoramos la <b>seriedad<\/b>, la <b>seguridad<\/b> y la <b>calidad del servicio<\/b> por encima de todo.<\/p>\t\t\t\t<\/div>\n\t\t\t\t<\/div>\n\t\t\t\t\t<\/div>\n\t\t<\/div>\n\t\t\t\t\t<\/div>\n\t\t<\/section>\n\t\t\t\t<section class=\"elementor-section elementor-top-section elementor-element elementor-element-4764ec3 elementor-section-stretched elementor-section-boxed elementor-section-height-default elementor-section-height-default\" data-id=\"4764ec3\" data-element_type=\"section\" data-e-type=\"section\" data-settings=\"{&quot;stretch_section&quot;:&quot;section-stretched&quot;}\">\n\t\t\t\t\t\t<div class=\"elementor-container elementor-column-gap-default\">\n\t\t\t\t\t<div class=\"elementor-column elementor-col-100 elementor-top-column elementor-element elementor-element-9544719\" data-id=\"9544719\" data-element_type=\"column\" data-e-type=\"column\">\n\t\t\t<div class=\"elementor-widget-wrap elementor-element-populated\">\n\t\t\t\t\t\t<div class=\"elementor-element elementor-element-9ca0ef4 elementor-widget elementor-widget-wp-widget-wpforms-widget\" data-id=\"9ca0ef4\" data-element_type=\"widget\" data-e-type=\"widget\" data-widget_type=\"wp-widget-wpforms-widget.default\">\n\t\t\t\t<div class=\"elementor-widget-container\">\n\t\t\t\t\t<h5>Registro de conductores<\/h5><div class=\"wpforms-container wpforms-container-full\" id=\"wpforms-458\"><form id=\"wpforms-form-458\" class=\"wpforms-validate wpforms-form\" data-formid=\"458\" method=\"post\" enctype=\"multipart\/form-data\" action=\"\/en\/wp-json\/wp\/v2\/pages\/423?wpforms_form_id=458\" data-token=\"0692c844cb8c0224b21e0f10ec98179f\"><noscript class=\"wpforms-error-noscript\">Please enable JavaScript in your browser to complete this form.<\/noscript><div class=\"wpforms-field-container\"><div id=\"wpforms-458-field_0-container\" class=\"wpforms-field wpforms-field-name\" data-field-id=\"0\"><label class=\"wpforms-field-label\" for=\"wpforms-458-field_0\">Nombre y Apellidos <span class=\"wpforms-required-label\">*<\/span><\/label><div class=\"wpforms-field-row wpforms-field-medium\"><div class=\"wpforms-field-row-block wpforms-first wpforms-one-half\"><input type=\"text\" id=\"wpforms-458-field_0\" class=\"wpforms-field-name-first wpforms-field-required\" name=\"wpforms[fields][0][first]\" required><label for=\"wpforms-458-field_0\" class=\"wpforms-field-sublabel after \">First<\/label><\/div><div class=\"wpforms-field-row-block wpforms-one-half\"><input type=\"text\" id=\"wpforms-458-field_0-last\" class=\"wpforms-field-name-last wpforms-field-required\" name=\"wpforms[fields][0][last]\" required><label for=\"wpforms-458-field_0-last\" class=\"wpforms-field-sublabel after \">Last<\/label><\/div><\/div><\/div><div id=\"wpforms-458-field_12-container\" class=\"wpforms-field wpforms-field-text\" data-field-id=\"12\"><label class=\"wpforms-field-label\" for=\"wpforms-458-field_12\">Nombre de la empresa<\/label><input type=\"text\" id=\"wpforms-458-field_12\" class=\"wpforms-field-medium\" name=\"wpforms[fields][12]\" ><\/div><div id=\"wpforms-458-field_2-container\" class=\"wpforms-field wpforms-field-text\" data-field-id=\"2\"><label class=\"wpforms-field-label\" for=\"wpforms-458-field_2\">Direccion <span class=\"wpforms-required-label\">*<\/span><\/label><input type=\"text\" id=\"wpforms-458-field_2\" class=\"wpforms-field-medium wpforms-field-required\" name=\"wpforms[fields][2]\" required><\/div><div id=\"wpforms-458-field_4-container\" class=\"wpforms-field wpforms-field-text\" data-field-id=\"4\"><label class=\"wpforms-field-label\" for=\"wpforms-458-field_4\">Poblacion y provincia<\/label><input type=\"text\" id=\"wpforms-458-field_4\" class=\"wpforms-field-medium\" name=\"wpforms[fields][4]\" ><\/div><div id=\"wpforms-458-field_1-container\" class=\"wpforms-field wpforms-field-email\" data-field-id=\"1\"><label class=\"wpforms-field-label\" for=\"wpforms-458-field_1\">Correo electr\u00f3nico <span class=\"wpforms-required-label\">*<\/span><\/label><input type=\"email\" id=\"wpforms-458-field_1\" class=\"wpforms-field-medium wpforms-field-required\" name=\"wpforms[fields][1]\" required><\/div><div id=\"wpforms-458-field_13-container\" class=\"wpforms-field wpforms-field-phone\" data-field-id=\"13\"><label class=\"wpforms-field-label\" for=\"wpforms-458-field_13\">Tel\u00e9fono<\/label><input type=\"tel\" id=\"wpforms-458-field_13\" class=\"wpforms-field-medium\" data-rule-int-phone-field=\"true\" name=\"wpforms[fields][13]\" ><\/div><div id=\"wpforms-458-field_5-container\" class=\"wpforms-field wpforms-field-select wpforms-field-select-style-classic\" data-field-id=\"5\"><label class=\"wpforms-field-label\" for=\"wpforms-458-field_5\">Que tipo de empresa eres <span class=\"wpforms-required-label\">*<\/span><\/label><select id=\"wpforms-458-field_5\" class=\"wpforms-field-medium wpforms-field-required\" name=\"wpforms[fields][5]\" required=\"required\"><option value=\"Soy una empresa\" >Soy una empresa<\/option><option value=\"Soy un autonomo\" >Soy un autonomo<\/option><option value=\"Soy un intermediario\" >Soy un intermediario<\/option><\/select><\/div><div id=\"wpforms-458-field_14-container\" class=\"wpforms-field wpforms-field-checkbox\" data-field-id=\"14\"><label class=\"wpforms-field-label\" for=\"wpforms-458-field_14\">Dispones de veh\u00edculos h\u00edbridos o el\u00e9ctricos en la flota?<\/label><ul id=\"wpforms-458-field_14\"><li class=\"choice-1 depth-1\"><input type=\"checkbox\" id=\"wpforms-458-field_14_1\" name=\"wpforms[fields][14][]\" value=\"Si\"  ><label class=\"wpforms-field-label-inline\" for=\"wpforms-458-field_14_1\">Si<\/label><\/li><li class=\"choice-2 depth-1\"><input type=\"checkbox\" id=\"wpforms-458-field_14_2\" name=\"wpforms[fields][14][]\" value=\"No\"  ><label class=\"wpforms-field-label-inline\" for=\"wpforms-458-field_14_2\">No<\/label><\/li><li class=\"choice-3 depth-1\"><input type=\"checkbox\" id=\"wpforms-458-field_14_3\" name=\"wpforms[fields][14][]\" value=\"Los incorporar\u00e9 proximamente\"  ><label class=\"wpforms-field-label-inline\" for=\"wpforms-458-field_14_3\">Los incorporar\u00e9 proximamente<\/label><\/li><\/ul><\/div><div id=\"wpforms-458-field_15-container\" class=\"wpforms-field wpforms-field-checkbox\" data-field-id=\"15\"><label class=\"wpforms-field-label\" for=\"wpforms-458-field_15\">Si la respuesta anterior es si, que tipo de veh\u00edculos dispones?<\/label><ul id=\"wpforms-458-field_15\"><li class=\"choice-1 depth-1\"><input type=\"checkbox\" id=\"wpforms-458-field_15_1\" name=\"wpforms[fields][15][]\" value=\"HEV \/ Hybrid\"  ><label class=\"wpforms-field-label-inline\" for=\"wpforms-458-field_15_1\">HEV \/ Hybrid<\/label><\/li><li class=\"choice-2 depth-1\"><input type=\"checkbox\" id=\"wpforms-458-field_15_2\" name=\"wpforms[fields][15][]\" value=\"PHEV \/ Plug in Hybrid\"  ><label class=\"wpforms-field-label-inline\" for=\"wpforms-458-field_15_2\">PHEV \/ Plug in Hybrid<\/label><\/li><li class=\"choice-3 depth-1\"><input type=\"checkbox\" id=\"wpforms-458-field_15_3\" name=\"wpforms[fields][15][]\" value=\"Electric \"  ><label class=\"wpforms-field-label-inline\" for=\"wpforms-458-field_15_3\">Electric <\/label><\/li><li class=\"choice-4 depth-1\"><input type=\"checkbox\" id=\"wpforms-458-field_15_4\" name=\"wpforms[fields][15][]\" value=\"No tengo\"  ><label class=\"wpforms-field-label-inline\" for=\"wpforms-458-field_15_4\">No tengo<\/label><\/li><\/ul><\/div><div id=\"wpforms-458-field_7-container\" class=\"wpforms-field wpforms-field-textarea\" data-field-id=\"7\"><label class=\"wpforms-field-label\" for=\"wpforms-458-field_7\">Cuentanos mas sobre la empresa, vehiculos, zonas, tarifas, etc ... <span class=\"wpforms-required-label\">*<\/span><\/label><textarea id=\"wpforms-458-field_7\" class=\"wpforms-field-medium wpforms-field-required\" name=\"wpforms[fields][7]\" required><\/textarea><\/div><div id=\"wpforms-458-field_9-container\" class=\"wpforms-field wpforms-field-file-upload\" data-field-id=\"9\"><label class=\"wpforms-field-label\" for=\"wpforms-458-field_9\">Adjunta tarifa de precios (pdf)<\/label><div class=\"wpforms-uploader\"\n\tdata-field-id=\"9\"\n\tdata-form-id=\"458\"\n\tdata-input-name=\"wpforms_458_9\"\n\tdata-extensions=\"jpg,jpeg,jpe,gif,png,bmp,tiff,tif,webp,avif,ico,heic,heif,heics,heifs,asf,asx,wmv,wmx,wm,avi,divx,mov,qt,mpeg,mpg,mpe,mp4,m4v,ogv,webm,mkv,3gp,3gpp,3g2,3gp2,txt,asc,c,cc,h,srt,csv,tsv,ics,rtx,css,vtt,mp3,m4a,m4b,aac,ra,ram,wav,ogg,oga,flac,mid,midi,wma,wax,mka,rtf,pdf,class,tar,zip,gz,gzip,rar,7z,psd,xcf,doc,pot,pps,ppt,wri,xla,xls,xlt,xlw,mpp,docx,docm,dotx,dotm,xlsx,xlsm,xlsb,xltx,xltm,xlam,pptx,pptm,ppsx,ppsm,potx,potm,ppam,sldx,sldm,onetoc,onetoc2,onepkg,oxps,xps,odt,odp,ods,odg,odc,odb,odf,wp,wpd,key,numbers,pages\"\n\tdata-max-size=\"2097152\"\n\tdata-max-file-number=\"1\"\n\tdata-post-max-size=\"16777216\"\n    data-max-parallel-uploads=\"4\"\n    data-parallel-uploads=\"true\"\n\tdata-file-chunk-size=\"2097152\">\n\t<div class=\"dz-message\">\n\t\t<svg viewBox=\"0 0 1024 1024\" focusable=\"false\" class=\"\" data-icon=\"inbox\" width=\"50px\" height=\"50px\" fill=\"#B1B1B1\" aria-hidden=\"true\"><path d=\"M885.2 446.3l-.2-.8-112.2-285.1c-5-16.1-19.9-27.2-36.8-27.2H281.2c-17 0-32.1 11.3-36.9 27.6L139.4 443l-.3.7-.2.8c-1.3 4.9-1.7 9.9-1 14.8-.1 1.6-.2 3.2-.2 4.8V830a60.9 60.9 0 0 0 60.8 60.8h627.2c33.5 0 60.8-27.3 60.9-60.8V464.1c0-1.3 0-2.6-.1-3.7.4-4.9 0-9.6-1.3-14.1zm-295.8-43l-.3 15.7c-.8 44.9-31.8 75.1-77.1 75.1-22.1 0-41.1-7.1-54.8-20.6S436 441.2 435.6 419l-.3-15.7H229.5L309 210h399.2l81.7 193.3H589.4zm-375 76.8h157.3c24.3 57.1 76 90.8 140.4 90.8 33.7 0 65-9.4 90.3-27.2 22.2-15.6 39.5-37.4 50.7-63.6h156.5V814H214.4V480.1z\"><\/path><\/svg>\n\t\t<span class=\"modern-title\">\n\t\t\tClick or drag a file to this area to upload.\t\t<\/span>\n\n\t\t\t<\/div>\n<\/div>\n<input type=\"text\" class=\"dropzone-input\"\n\tstyle=\"position:absolute!important;clip:rect(0,0,0,0)!important;height:1px!important;width:1px!important;border:0!important;overflow:hidden!important;padding:0!important;margin:0!important;\"\n\tid=\"wpforms-458-field_9\"\n\tname=\"wpforms_458_9\" >\n<\/div><div id=\"wpforms-458-field_3-container\" class=\"wpforms-field wpforms-field-gdpr-checkbox\" data-field-id=\"3\"><label class=\"wpforms-field-label\" for=\"wpforms-458-field_3\">Acuerdo RGPD - Pol\u00edtica de Privacidad <span class=\"wpforms-required-label\">*<\/span><\/label><ul id=\"wpforms-458-field_3\" class=\"wpforms-field-required\"><li class=\"choice-1\"><input type=\"checkbox\" id=\"wpforms-458-field_3_1\" name=\"wpforms[fields][3][]\" value=\"Doy mi consentimiento para que esta tienda web almacene la informaci\u00f3n enviada para que puedan responder a mis peticiones. \" required ><label class=\"wpforms-field-label-inline\" for=\"wpforms-458-field_3_1\">Doy mi consentimiento para que esta tienda web almacene la informaci\u00f3n enviada para que puedan responder a mis peticiones. <\/label><\/li><\/ul><div class=\"wpforms-field-description\">Le informamos conforme a lo previsto en el RGPD de 27 de abril de 2016 que INPE CONSULTING M\u00c1LAGA, S.L., recaba y trata sus datos de car\u00e1cter personal, aplicando las medidas t\u00e9cnicas y organizativas que garantizan su confidencialidad, con la finalidad de gestionar la relaci\u00f3n que le vincula. Usted da su consentimiento y autorizaci\u00f3n para dicho tratamiento. Conservaremos sus datos de car\u00e1cter personal \u00fanicamente el tiempo imprescindible para gestionar nuestra relaci\u00f3n. Podr\u00e1 ejercitar los derechos de acceso, rectificaci\u00f3n, supresi\u00f3n, limitaci\u00f3n, portabilidad y oposici\u00f3n dirigi\u00e9ndose a INPE CONSULTING M\u00c1LAGA, S.L. con direcci\u00f3n Camino San Rafael, 23, local 3, M\u00c1LAGA, 29006 MALAGA.<\/div><\/div><\/div><div class=\"wpforms-recaptcha-container wpforms-is-recaptcha\" ><div class=\"g-recaptcha\" data-sitekey=\"6LfzRLsUAAAAABksOSy5aW-dGehUL_N5ksduq3H8\"><\/div><input type=\"text\" name=\"g-recaptcha-hidden\" class=\"wpforms-recaptcha-hidden\" style=\"position:absolute!important;clip:rect(0,0,0,0)!important;height:1px!important;width:1px!important;border:0!important;overflow:hidden!important;padding:0!important;margin:0!important;\" required><\/div><div class=\"wpforms-submit-container\" ><input type=\"hidden\" name=\"wpforms[id]\" value=\"458\"><input type=\"hidden\" name=\"wpforms[author]\" value=\"8\"><button type=\"submit\" name=\"wpforms[submit]\" class=\"wpforms-submit \" id=\"wpforms-submit-458\" value=\"wpforms-submit\" aria-live=\"assertive\" >Enviar<\/button><\/div><\/form><\/div>  <!-- .wpforms-container -->\t\t\t\t<\/div>\n\t\t\t\t<\/div>\n\t\t\t\t\t<\/div>\n\t\t<\/div>\n\t\t\t\t\t<\/div>\n\t\t<\/section>\n\t\t\t\t<\/div>\n\t\t","protected":false},"excerpt":{"rendered":"<p>Conductores y profesionales del transporte Buscamos empresas por todo el mundo Si eres una empresa de transporte profesional y realizas traslados desde aeropuertos u otros puntos estrat\u00e9gicos, nos interesa conocerte. En Inpetransfer buscamos colaboradores fiables y comprometidos para ampliar nuestra red de proveedores a nivel nacional e internacional. Rellena el [&hellip;]<\/p>\n","protected":false},"author":8,"featured_media":12745,"parent":0,"menu_order":0,"comment_status":"closed","ping_status":"closed","template":"registro-proveedores.php","meta":{"_acf_changed":false,"footnotes":""},"class_list":["post-423","page","type-page","status-publish","has-post-thumbnail","hentry"],"acf":[],"aioseo_notices":[],"_links":{"self":[{"href":"https:\/\/www.inpetransfer.com\/en\/wp-json\/wp\/v2\/pages\/423","targetHints":{"allow":["GET"]}}],"collection":[{"href":"https:\/\/www.inpetransfer.com\/en\/wp-json\/wp\/v2\/pages"}],"about":[{"href":"https:\/\/www.inpetransfer.com\/en\/wp-json\/wp\/v2\/types\/page"}],"author":[{"embeddable":true,"href":"https:\/\/www.inpetransfer.com\/en\/wp-json\/wp\/v2\/users\/8"}],"replies":[{"embeddable":true,"href":"https:\/\/www.inpetransfer.com\/en\/wp-json\/wp\/v2\/comments?post=423"}],"version-history":[{"count":1,"href":"https:\/\/www.inpetransfer.com\/en\/wp-json\/wp\/v2\/pages\/423\/revisions"}],"predecessor-version":[{"id":16996,"href":"https:\/\/www.inpetransfer.com\/en\/wp-json\/wp\/v2\/pages\/423\/revisions\/16996"}],"wp:featuredmedia":[{"embeddable":true,"href":"https:\/\/www.inpetransfer.com\/en\/wp-json\/wp\/v2\/media\/12745"}],"wp:attachment":[{"href":"https:\/\/www.inpetransfer.com\/en\/wp-json\/wp\/v2\/media?parent=423"}],"curies":[{"name":"wp","href":"https:\/\/api.w.org\/{rel}","templated":true}]}}