{"id":809,"date":"2019-01-02T12:26:27","date_gmt":"2019-01-02T12:26:27","guid":{"rendered":"https:\/\/inpetransfer.com\/?page_id=809"},"modified":"2025-10-25T19:02:24","modified_gmt":"2025-10-25T19:02:24","slug":"presupuestos-traslados-privados-en-aeropuertos","status":"publish","type":"page","link":"https:\/\/www.inpetransfer.com\/en\/presupuestos-traslados-privados-en-aeropuertos\/","title":{"rendered":"Quotes for private airport transfers"},"content":{"rendered":"\t\t<div data-elementor-type=\"wp-post\" data-elementor-id=\"809\" class=\"elementor elementor-809\">\n\t\t\t\t\t\t<section class=\"elementor-section elementor-top-section elementor-element elementor-element-a4a0dd4 elementor-section-boxed elementor-section-height-default elementor-section-height-default\" data-id=\"a4a0dd4\" data-element_type=\"section\" data-e-type=\"section\">\n\t\t\t\t\t\t<div class=\"elementor-container elementor-column-gap-default\">\n\t\t\t\t\t<div class=\"elementor-column elementor-col-100 elementor-top-column elementor-element elementor-element-c35afae\" data-id=\"c35afae\" data-element_type=\"column\" data-e-type=\"column\">\n\t\t\t<div class=\"elementor-widget-wrap elementor-element-populated\">\n\t\t\t\t\t\t<div class=\"elementor-element elementor-element-49b34e2 elementor-widget elementor-widget-heading\" data-id=\"49b34e2\" data-element_type=\"widget\" data-e-type=\"widget\" data-widget_type=\"heading.default\">\n\t\t\t\t<div class=\"elementor-widget-container\">\n\t\t\t\t\t<h1 class=\"elementor-heading-title elementor-size-default\">Presupuestos de traslados privados en aeropuertos<\/h1>\t\t\t\t<\/div>\n\t\t\t\t<\/div>\n\t\t\t\t\t<\/div>\n\t\t<\/div>\n\t\t\t\t\t<\/div>\n\t\t<\/section>\n\t\t\t\t<section class=\"elementor-section elementor-top-section elementor-element elementor-element-b627c3d elementor-section-boxed elementor-section-height-default elementor-section-height-default\" data-id=\"b627c3d\" data-element_type=\"section\" data-e-type=\"section\">\n\t\t\t\t\t\t<div class=\"elementor-container elementor-column-gap-default\">\n\t\t\t\t\t<div class=\"elementor-column elementor-col-100 elementor-top-column elementor-element elementor-element-2c46d70\" data-id=\"2c46d70\" data-element_type=\"column\" data-e-type=\"column\">\n\t\t\t<div class=\"elementor-widget-wrap elementor-element-populated\">\n\t\t\t\t\t\t<div class=\"elementor-element elementor-element-b479d68 elementor-widget elementor-widget-text-editor\" data-id=\"b479d68\" data-element_type=\"widget\" data-e-type=\"widget\" data-widget_type=\"text-editor.default\">\n\t\t\t\t<div class=\"elementor-widget-container\">\n\t\t\t\t\t\t\t\t\t<section class=\"texto-seo\"><h2><\/h2><p style=\"text-align: justify;\">En <strong>Inpetransfer<\/strong> ofrecemos <strong>presupuestos de traslados privados en aeropuertos<\/strong> adaptados a cada necesidad.<\/p><p style=\"text-align: justify;\">Trabajamos con una red internacional de conductores profesionales que garantizan puntualidad, seguridad y confort en todos los desplazamientos. Nuestro objetivo es que cada viaje comience y termine con una experiencia de transporte de calidad, sin esperas ni sorpresas en el precio.<\/p><p style=\"text-align: justify;\">Solicitar un <strong>presupuesto de traslado privado en aeropuerto<\/strong> es r\u00e1pido y sencillo. Solo tienes que indicarnos el punto de recogida, destino y n\u00famero de pasajeros, y nuestro equipo te enviar\u00e1 la mejor opci\u00f3n disponible con <strong>tarifas fijas<\/strong> y sin costes ocultos.<\/p><p style=\"text-align: justify;\">Desde traslados individuales hasta servicios para grupos o empresas, contamos con <strong>veh\u00edculos modernos, limpios y climatizados<\/strong>, adem\u00e1s de opciones premium para clientes que buscan un servicio m\u00e1s exclusivo.<\/p><p style=\"text-align: justify;\">Inpetransfer est\u00e1 presente en los <strong>principales aeropuertos del mundo<\/strong>, ofreciendo asistencia en espa\u00f1ol y atenci\u00f3n personalizada a viajeros y agencias. Reserva con nosotros y descubre la comodidad de contar con un <strong>servicio profesional de transporte privado<\/strong>, donde la confianza y la eficiencia son nuestra prioridad.<\/p><\/section>\t\t\t\t\t\t\t\t<\/div>\n\t\t\t\t<\/div>\n\t\t\t\t<div class=\"elementor-element elementor-element-0b417ec elementor-widget elementor-widget-text-editor\" data-id=\"0b417ec\" data-element_type=\"widget\" data-e-type=\"widget\" data-widget_type=\"text-editor.default\">\n\t\t\t\t<div class=\"elementor-widget-container\">\n\t\t\t\t\t\t\t\t\t<p style=\"text-align: justify;\">Desde aqu\u00ed nos puedes solicitar precios de <a href=\"https:\/\/www.inpetransfer.com\/reserva-traslado-aeropuerto\/\" target=\"_blank\" rel=\"noopener\"><strong>traslados privados<\/strong><\/a> desde\/hacia Aeropuertos en cualquier parte del mundo. Rellena todos los campos y expl\u00edcanos cuanto mas detalles mejor para poder darte nuestro mejor precio.<\/p><p>Si eres una <strong>agencia de viajes<\/strong> solicita el presupuesto <strong>desde tu <a href=\"https:\/\/www.inpetransfer.com\/servicios\/\">panel de agencia.<\/a><\/strong><\/p>\t\t\t\t\t\t\t\t<\/div>\n\t\t\t\t<\/div>\n\t\t\t\t\t<\/div>\n\t\t<\/div>\n\t\t\t\t\t<\/div>\n\t\t<\/section>\n\t\t\t\t<section class=\"elementor-section elementor-top-section elementor-element elementor-element-a88dbaf elementor-section-boxed elementor-section-height-default elementor-section-height-default\" data-id=\"a88dbaf\" data-element_type=\"section\" data-e-type=\"section\">\n\t\t\t\t\t\t<div class=\"elementor-container elementor-column-gap-default\">\n\t\t\t\t\t<div class=\"elementor-column elementor-col-100 elementor-top-column elementor-element elementor-element-1d1b462\" data-id=\"1d1b462\" data-element_type=\"column\" data-e-type=\"column\">\n\t\t\t<div class=\"elementor-widget-wrap elementor-element-populated\">\n\t\t\t\t\t\t<div class=\"elementor-element elementor-element-b855d94 elementor-widget elementor-widget-wp-widget-wpforms-widget\" data-id=\"b855d94\" data-element_type=\"widget\" data-e-type=\"widget\" data-widget_type=\"wp-widget-wpforms-widget.default\">\n\t\t\t\t<div class=\"elementor-widget-container\">\n\t\t\t\t\t<div class=\"wpforms-container wpforms-container-full\" id=\"wpforms-808\"><form id=\"wpforms-form-808\" class=\"wpforms-validate wpforms-form\" data-formid=\"808\" method=\"post\" enctype=\"multipart\/form-data\" action=\"\/en\/wp-json\/wp\/v2\/pages\/809\" data-token=\"0692c844cb8c0224b21e0f10ec98179f\"><noscript class=\"wpforms-error-noscript\">Please enable JavaScript in your browser to complete this form.<\/noscript><div class=\"wpforms-field-container\"><div id=\"wpforms-808-field_0-container\" class=\"wpforms-field wpforms-field-name\" data-field-id=\"0\"><label class=\"wpforms-field-label\" for=\"wpforms-808-field_0\">Nombre <span class=\"wpforms-required-label\">*<\/span><\/label><div class=\"wpforms-field-row wpforms-field-medium\"><div class=\"wpforms-field-row-block wpforms-first wpforms-one-half\"><input type=\"text\" id=\"wpforms-808-field_0\" class=\"wpforms-field-name-first wpforms-field-required\" name=\"wpforms[fields][0][first]\" required><label for=\"wpforms-808-field_0\" class=\"wpforms-field-sublabel after \">First<\/label><\/div><div class=\"wpforms-field-row-block wpforms-one-half\"><input type=\"text\" id=\"wpforms-808-field_0-last\" class=\"wpforms-field-name-last wpforms-field-required\" name=\"wpforms[fields][0][last]\" required><label for=\"wpforms-808-field_0-last\" class=\"wpforms-field-sublabel after \">Last<\/label><\/div><\/div><\/div><div id=\"wpforms-808-field_13-container\" class=\"wpforms-field wpforms-field-radio\" data-field-id=\"13\"><label class=\"wpforms-field-label\" for=\"wpforms-808-field_13\">Que tipo de empresa eres<\/label><ul id=\"wpforms-808-field_13\"><li class=\"choice-1 depth-1\"><input type=\"radio\" id=\"wpforms-808-field_13_1\" name=\"wpforms[fields][13]\" value=\"Agencia de Viajes\"  ><label class=\"wpforms-field-label-inline\" for=\"wpforms-808-field_13_1\">Agencia de Viajes<\/label><\/li><li class=\"choice-2 depth-1\"><input type=\"radio\" id=\"wpforms-808-field_13_2\" name=\"wpforms[fields][13]\" value=\"Particular\"  ><label class=\"wpforms-field-label-inline\" for=\"wpforms-808-field_13_2\">Particular<\/label><\/li><li class=\"choice-3 depth-1\"><input type=\"radio\" id=\"wpforms-808-field_13_3\" name=\"wpforms[fields][13]\" value=\"Empresa, hotel, compa\u00f1\u00eda seguros, etc ...\"  ><label class=\"wpforms-field-label-inline\" for=\"wpforms-808-field_13_3\">Empresa, hotel, compa\u00f1\u00eda seguros, etc ...<\/label><\/li><li class=\"choice-4 depth-1\"><input type=\"radio\" id=\"wpforms-808-field_13_4\" name=\"wpforms[fields][13]\" value=\"Mayorista - Touroperador\"  ><label class=\"wpforms-field-label-inline\" for=\"wpforms-808-field_13_4\">Mayorista - Touroperador<\/label><\/li><\/ul><\/div><div id=\"wpforms-808-field_1-container\" class=\"wpforms-field wpforms-field-email\" data-field-id=\"1\"><label class=\"wpforms-field-label\" for=\"wpforms-808-field_1\">Correo electr\u00f3nico <span class=\"wpforms-required-label\">*<\/span><\/label><input type=\"email\" id=\"wpforms-808-field_1\" class=\"wpforms-field-medium wpforms-field-required\" name=\"wpforms[fields][1]\" required><\/div><div id=\"wpforms-808-field_10-container\" class=\"wpforms-field wpforms-field-phone\" data-field-id=\"10\"><label class=\"wpforms-field-label\" for=\"wpforms-808-field_10\">Tel\u00e9fono<\/label><input type=\"tel\" id=\"wpforms-808-field_10\" class=\"wpforms-field-small\" data-rule-int-phone-field=\"true\" name=\"wpforms[fields][10]\" ><\/div><div id=\"wpforms-808-field_4-container\" class=\"wpforms-field wpforms-field-text\" data-field-id=\"4\"><label class=\"wpforms-field-label\" for=\"wpforms-808-field_4\">DESDE:  Aeropuerto, estaci\u00f3n, hotel, etc ..... <span class=\"wpforms-required-label\">*<\/span><\/label><input type=\"text\" id=\"wpforms-808-field_4\" class=\"wpforms-field-medium wpforms-field-required\" name=\"wpforms[fields][4]\" required><\/div><div id=\"wpforms-808-field_18-container\" class=\"wpforms-field wpforms-field-date-time\" data-field-id=\"18\"><label class=\"wpforms-field-label\" for=\"wpforms-808-field_18\">Fecha y Hora de LLEGADA<\/label><div class=\"wpforms-field-row wpforms-field-medium\"><div class=\"wpforms-field-row-block wpforms-one-half wpforms-first\"><div class=\"wpforms-datepicker-wrap\"><input type=\"text\" id=\"wpforms-808-field_18\" class=\"wpforms-field-date-time-date wpforms-datepicker\" data-date-format=\"d\/m\/Y\" data-disable-past-dates=\"0\" data-input=\"true\" name=\"wpforms[fields][18][date]\" ><a title=\"Clear Date\" data-clear class=\"wpforms-datepicker-clear\" style=\"display:none;\"><\/a><\/div><label for=\"wpforms-808-field_18\" class=\"wpforms-field-sublabel after \">Date<\/label><\/div><div class=\"wpforms-field-row-block wpforms-one-half\"><input type=\"text\" id=\"wpforms-808-field_18-time\" class=\"wpforms-field-date-time-time wpforms-timepicker\" data-rule-time24h=\"true\" data-time-format=\"H:i\" data-step=\"30\" name=\"wpforms[fields][18][time]\" ><label for=\"wpforms-808-field_18-time\" class=\"wpforms-field-sublabel after \">Time<\/label><\/div><\/div><\/div><div id=\"wpforms-808-field_5-container\" class=\"wpforms-field wpforms-field-text\" data-field-id=\"5\"><label class=\"wpforms-field-label\" for=\"wpforms-808-field_5\">HASTA: Hotel, estaci\u00f3n, Aeropuerto, etc ... <span class=\"wpforms-required-label\">*<\/span><\/label><input type=\"text\" id=\"wpforms-808-field_5\" class=\"wpforms-field-medium wpforms-field-required\" name=\"wpforms[fields][5]\" required><\/div><div id=\"wpforms-808-field_19-container\" class=\"wpforms-field wpforms-field-date-time\" data-field-id=\"19\"><label class=\"wpforms-field-label\" for=\"wpforms-808-field_19\">Fecha y Hora de REGRESO del Vuelo\/Tren\/Crucero<\/label><div class=\"wpforms-field-row wpforms-field-medium\"><div class=\"wpforms-field-row-block wpforms-one-half wpforms-first\"><div class=\"wpforms-datepicker-wrap\"><input type=\"text\" id=\"wpforms-808-field_19\" class=\"wpforms-field-date-time-date wpforms-datepicker\" data-date-format=\"d\/m\/Y\" data-disable-past-dates=\"0\" data-input=\"true\" name=\"wpforms[fields][19][date]\" ><a title=\"Clear Date\" data-clear class=\"wpforms-datepicker-clear\" style=\"display:none;\"><\/a><\/div><label for=\"wpforms-808-field_19\" class=\"wpforms-field-sublabel after \">Date<\/label><\/div><div class=\"wpforms-field-row-block wpforms-one-half\"><input type=\"text\" id=\"wpforms-808-field_19-time\" class=\"wpforms-field-date-time-time wpforms-timepicker\" data-rule-time24h=\"true\" data-time-format=\"H:i\" data-step=\"30\" name=\"wpforms[fields][19][time]\" ><label for=\"wpforms-808-field_19-time\" class=\"wpforms-field-sublabel after \">Time<\/label><\/div><\/div><\/div><div id=\"wpforms-808-field_6-container\" class=\"wpforms-field wpforms-field-number\" data-field-id=\"6\"><label class=\"wpforms-field-label\" for=\"wpforms-808-field_6\">Total de pasajeros<\/label><input type=\"number\" pattern=\"\\d*\" id=\"wpforms-808-field_6\" class=\"wpforms-field-small\" name=\"wpforms[fields][6]\" ><\/div><div id=\"wpforms-808-field_8-container\" class=\"wpforms-field wpforms-field-radio\" data-field-id=\"8\"><label class=\"wpforms-field-label\" for=\"wpforms-808-field_8\">Tipo de Vehiculo <span class=\"wpforms-required-label\">*<\/span><\/label><ul id=\"wpforms-808-field_8\" class=\"wpforms-field-required\"><li class=\"choice-1 depth-1\"><input type=\"radio\" id=\"wpforms-808-field_8_1\" name=\"wpforms[fields][8]\" value=\"Coche Standard hasta 3 plazas\" required ><label class=\"wpforms-field-label-inline\" for=\"wpforms-808-field_8_1\">Coche Standard hasta 3 plazas<\/label><\/li><li class=\"choice-2 depth-1\"><input type=\"radio\" id=\"wpforms-808-field_8_2\" name=\"wpforms[fields][8]\" value=\"Coche Vip hasta 3 plazas\" required ><label class=\"wpforms-field-label-inline\" for=\"wpforms-808-field_8_2\">Coche Vip hasta 3 plazas<\/label><\/li><li class=\"choice-3 depth-1\"><input type=\"radio\" id=\"wpforms-808-field_8_3\" name=\"wpforms[fields][8]\" value=\"Minivan hasta 8 plazas\" required ><label class=\"wpforms-field-label-inline\" for=\"wpforms-808-field_8_3\">Minivan hasta 8 plazas<\/label><\/li><li class=\"choice-4 depth-1\"><input type=\"radio\" id=\"wpforms-808-field_8_4\" name=\"wpforms[fields][8]\" value=\"Minibus hasta 15 plazas\" required ><label class=\"wpforms-field-label-inline\" for=\"wpforms-808-field_8_4\">Minibus hasta 15 plazas<\/label><\/li><li class=\"choice-5 depth-1\"><input type=\"radio\" id=\"wpforms-808-field_8_5\" name=\"wpforms[fields][8]\" value=\"Otro tipo de veh\u00edculo de mas de 15 plazas\" required ><label class=\"wpforms-field-label-inline\" for=\"wpforms-808-field_8_5\">Otro tipo de veh\u00edculo de mas de 15 plazas<\/label><\/li><\/ul><\/div><div id=\"wpforms-808-field_21-container\" class=\"wpforms-field wpforms-field-textarea\" data-field-id=\"21\"><label class=\"wpforms-field-label\" for=\"wpforms-808-field_21\">Cu\u00e9ntanos mas sobre el servicio solicitado <span class=\"wpforms-required-label\">*<\/span><\/label><textarea id=\"wpforms-808-field_21\" class=\"wpforms-field-medium wpforms-field-required\" name=\"wpforms[fields][21]\" required><\/textarea><\/div><div id=\"wpforms-808-field_7-container\" class=\"wpforms-field wpforms-field-gdpr-checkbox\" data-field-id=\"7\"><label class=\"wpforms-field-label\" for=\"wpforms-808-field_7\">Acuerdo RGPD - Pol\u00edtica de Privacidad <span class=\"wpforms-required-label\">*<\/span><\/label><ul id=\"wpforms-808-field_7\" class=\"wpforms-field-required\"><li class=\"choice-1\"><input type=\"checkbox\" id=\"wpforms-808-field_7_1\" name=\"wpforms[fields][7][]\" value=\"Doy mi consentimiento para que esta tienda web almacene la informaci\u00f3n enviada para que puedan responder a mis peticiones. \" required ><label class=\"wpforms-field-label-inline\" for=\"wpforms-808-field_7_1\">Doy mi consentimiento para que esta tienda web almacene la informaci\u00f3n enviada para que puedan responder a mis peticiones. <\/label><\/li><\/ul><div class=\"wpforms-field-description\">Le informamos conforme a lo previsto en el RGPD de 27 de abril de 2016 que INPE CONSULTING M\u00c1LAGA, S.L., recaba y trata sus datos de car\u00e1cter personal, aplicando las medidas t\u00e9cnicas y organizativas que garantizan su confidencialidad, con la finalidad de gestionar la relaci\u00f3n que le vincula. Usted da su consentimiento y autorizaci\u00f3n para dicho tratamiento. Conservaremos sus datos de car\u00e1cter personal \u00fanicamente el tiempo imprescindible para gestionar nuestra relaci\u00f3n. Podr\u00e1 ejercitar los derechos de acceso, rectificaci\u00f3n, supresi\u00f3n, limitaci\u00f3n, portabilidad y oposici\u00f3n dirigi\u00e9ndose a INPE CONSULTING M\u00c1LAGA, S.L. con direcci\u00f3n Camino San Rafael, 23, local 3, M\u00c1LAGA, 29006 MALAGA.<\/div><\/div><div id=\"wpforms-808-field_14-container\" class=\"wpforms-field wpforms-field-hidden\" data-field-id=\"14\"><input type=\"hidden\" id=\"wpforms-808-field_14\" name=\"wpforms[fields][14]\"><\/div><\/div><div class=\"wpforms-field wpforms-field-hp\"><label for=\"wpforms-808-field-hp\" class=\"wpforms-field-label\">Comment<\/label><input type=\"text\" name=\"wpforms[hp]\" id=\"wpforms-808-field-hp\" class=\"wpforms-field-medium\"><\/div><div class=\"wpforms-recaptcha-container wpforms-is-recaptcha\" ><div class=\"g-recaptcha\" data-sitekey=\"6LfzRLsUAAAAABksOSy5aW-dGehUL_N5ksduq3H8\"><\/div><input type=\"text\" name=\"g-recaptcha-hidden\" class=\"wpforms-recaptcha-hidden\" style=\"position:absolute!important;clip:rect(0,0,0,0)!important;height:1px!important;width:1px!important;border:0!important;overflow:hidden!important;padding:0!important;margin:0!important;\" required><\/div><div class=\"wpforms-submit-container\" ><input type=\"hidden\" name=\"wpforms[id]\" value=\"808\"><input type=\"hidden\" name=\"wpforms[author]\" value=\"8\"><button type=\"submit\" name=\"wpforms[submit]\" class=\"wpforms-submit \" id=\"wpforms-submit-808\" value=\"wpforms-submit\" aria-live=\"assertive\" data-alt-text=\"Enviando...\" data-submit-text=\"Enviar\">Enviar<\/button><\/div><\/form><\/div>  <!-- .wpforms-container -->\t\t\t\t<\/div>\n\t\t\t\t<\/div>\n\t\t\t\t\t<\/div>\n\t\t<\/div>\n\t\t\t\t\t<\/div>\n\t\t<\/section>\n\t\t\t\t<section class=\"elementor-section elementor-top-section elementor-element elementor-element-3481d89 elementor-section-boxed elementor-section-height-default elementor-section-height-default\" data-id=\"3481d89\" data-element_type=\"section\" data-e-type=\"section\">\n\t\t\t\t\t\t<div class=\"elementor-container elementor-column-gap-default\">\n\t\t\t\t\t<div class=\"elementor-column elementor-col-100 elementor-top-column elementor-element elementor-element-ed46c52\" data-id=\"ed46c52\" data-element_type=\"column\" data-e-type=\"column\">\n\t\t\t<div class=\"elementor-widget-wrap\">\n\t\t\t\t\t\t\t<\/div>\n\t\t<\/div>\n\t\t\t\t\t<\/div>\n\t\t<\/section>\n\t\t\t\t<\/div>\n\t\t","protected":false},"excerpt":{"rendered":"<p>Presupuestos de traslados privados en aeropuertos En Inpetransfer ofrecemos presupuestos de traslados privados en aeropuertos adaptados a cada necesidad. Trabajamos con una red internacional de conductores profesionales que garantizan puntualidad, seguridad y confort en todos los desplazamientos. Nuestro objetivo es que cada viaje comience y termine con una experiencia de [&hellip;]<\/p>\n","protected":false},"author":8,"featured_media":0,"parent":0,"menu_order":0,"comment_status":"closed","ping_status":"closed","template":"elementor_header_footer","meta":{"_acf_changed":false,"footnotes":""},"class_list":["post-809","page","type-page","status-publish","hentry"],"acf":[],"aioseo_notices":[],"_links":{"self":[{"href":"https:\/\/www.inpetransfer.com\/en\/wp-json\/wp\/v2\/pages\/809","targetHints":{"allow":["GET"]}}],"collection":[{"href":"https:\/\/www.inpetransfer.com\/en\/wp-json\/wp\/v2\/pages"}],"about":[{"href":"https:\/\/www.inpetransfer.com\/en\/wp-json\/wp\/v2\/types\/page"}],"author":[{"embeddable":true,"href":"https:\/\/www.inpetransfer.com\/en\/wp-json\/wp\/v2\/users\/8"}],"replies":[{"embeddable":true,"href":"https:\/\/www.inpetransfer.com\/en\/wp-json\/wp\/v2\/comments?post=809"}],"version-history":[{"count":0,"href":"https:\/\/www.inpetransfer.com\/en\/wp-json\/wp\/v2\/pages\/809\/revisions"}],"wp:attachment":[{"href":"https:\/\/www.inpetransfer.com\/en\/wp-json\/wp\/v2\/media?parent=809"}],"curies":[{"name":"wp","href":"https:\/\/api.w.org\/{rel}","templated":true}]}}