{"id":8403,"date":"2019-02-20T11:41:26","date_gmt":"2019-02-20T11:41:26","guid":{"rendered":"https:\/\/www.inpetransfer.com\/?page_id=8403"},"modified":"2025-10-26T13:24:03","modified_gmt":"2025-10-26T13:24:03","slug":"inpetransfer-en-los-medios","status":"publish","type":"page","link":"https:\/\/www.inpetransfer.com\/en\/inpetransfer-en-los-medios\/","title":{"rendered":"Inpetransfer in the Media"},"content":{"rendered":"<div data-elementor-type=\"wp-post\" data-elementor-id=\"8403\" class=\"elementor elementor-8403\">\n\t\t\t\t\t\t<section class=\"elementor-section elementor-top-section elementor-element elementor-element-ebb7e39 elementor-section-boxed elementor-section-height-default elementor-section-height-default\" data-id=\"ebb7e39\" data-element_type=\"section\" data-e-type=\"section\">\n\t\t\t\t\t\t<div class=\"elementor-container elementor-column-gap-default\">\n\t\t\t\t\t<div class=\"elementor-column elementor-col-100 elementor-top-column elementor-element elementor-element-391d2a8\" data-id=\"391d2a8\" data-element_type=\"column\" data-e-type=\"column\">\n\t\t\t<div class=\"elementor-widget-wrap elementor-element-populated\">\n\t\t\t\t\t\t<div class=\"elementor-element elementor-element-eb26d04 elementor-widget elementor-widget-heading\" data-id=\"eb26d04\" data-element_type=\"widget\" data-e-type=\"widget\" data-widget_type=\"heading.default\">\n\t\t\t\t<div class=\"elementor-widget-container\">\n\t\t\t\t\t<h1 class=\"elementor-heading-title elementor-size-default\">Inpetransfer in the media<\/h1>\t\t\t\t<\/div>\n\t\t\t\t<\/div>\n\t\t\t\t\t<\/div>\n\t\t<\/div>\n\t\t\t\t\t<\/div>\n\t\t<\/section>\n\t\t\t\t<section class=\"elementor-section elementor-top-section elementor-element elementor-element-16b2529b elementor-section-stretched elementor-section-boxed elementor-section-height-default elementor-section-height-default\" data-id=\"16b2529b\" data-element_type=\"section\" data-e-type=\"section\" data-settings=\"{&quot;stretch_section&quot;:&quot;section-stretched&quot;}\">\n\t\t\t\t\t\t<div class=\"elementor-container elementor-column-gap-default\">\n\t\t\t\t\t<div class=\"elementor-column elementor-col-50 elementor-top-column elementor-element elementor-element-16b21781\" data-id=\"16b21781\" data-element_type=\"column\" data-e-type=\"column\">\n\t\t\t<div class=\"elementor-widget-wrap elementor-element-populated\">\n\t\t\t\t\t\t<div class=\"elementor-element elementor-element-2d4d3dfd elementor-widget elementor-widget-text-editor\" data-id=\"2d4d3dfd\" data-element_type=\"widget\" data-e-type=\"widget\" data-widget_type=\"text-editor.default\">\n\t\t\t\t<div class=\"elementor-widget-container\">\n\t\t\t\t\t\t\t\t\t<p data-start=\"300\" data-end=\"603\" style=\"text-align: justify;\"><span style=\"font-size: 16px;\">In <strong data-start=\"303\" data-end=\"319\">Inpetransfer<\/strong> We work every day with a clear objective: to offer a <strong data-start=\"374\" data-end=\"426\">top-quality private transfer service<\/strong> at major European airports. Our dedication, professionalism, and commitment to our customers have positioned us as one of the most highly valued companies in the sector.<\/span><\/p><p data-start=\"605\" data-end=\"846\" style=\"text-align: justify;\"><span style=\"font-size: 16px;\">This effort has been recognized by various <strong data-start=\"651\" data-end=\"700\">prestigious media in Spain<\/strong>, who have highlighted our work, the satisfaction of our customers, and our ability to offer a reliable, convenient, and competitive service.<\/span><\/p><p data-start=\"848\" data-end=\"1088\" style=\"text-align: justify;\"><span style=\"font-size: 16px;\">So much <strong data-start=\"854\" data-end=\"870\">individuals<\/strong> as <strong data-start=\"876\" data-end=\"933\">hotels, travel agencies, tour operators and companies<\/strong> They trust us to manage their transfers with punctuality, personalized attention, and a seamless experience from booking to the final destination.<\/span><\/p><h4 data-start=\"1090\" data-end=\"1137\" style=\"text-align: justify;\"><span style=\"font-size: 16px;\">Some media that have talked about us:<\/span><\/h4><ul data-start=\"1139\" data-end=\"1233\" style=\"text-align: justify;\"><li data-start=\"1139\" data-end=\"1157\"><p data-start=\"1141\" data-end=\"1157\"><span style=\"font-size: 16px;\"><strong data-start=\"1141\" data-end=\"1155\">Candas 365,\u00a0<\/strong><strong data-start=\"1160\" data-end=\"1179\">Daily Economy<\/strong><\/span><\/p><\/li><li data-start=\"1158\" data-end=\"1181\"><p data-start=\"1160\" data-end=\"1181\"><span style=\"font-size: 16px;\"><strong data-start=\"1160\" data-end=\"1179\">Agenttravel,\u00a0<\/strong><strong data-start=\"1160\" data-end=\"1179\">That!<\/strong><\/span><\/p><\/li><li data-start=\"1182\" data-end=\"1205\"><p data-start=\"1184\" data-end=\"1205\"><span style=\"font-size: 16px;\"><strong data-start=\"1184\" data-end=\"1203\">Traveling to the Top,\u00a0<\/strong><strong data-start=\"1208\" data-end=\"1233\">Lo +45 Chill Magazine<\/strong><\/span><\/p><\/li><\/ul><p data-start=\"1235\" data-end=\"1477\" style=\"text-align: justify;\"><span style=\"font-size: 16px;\">Below you can check out some of the <strong data-start=\"1283\" data-end=\"1321\">mentions, interviews and articles<\/strong> where we talk about our trajectory and why <strong data-start=\"1373\" data-end=\"1389\">Inpetransfer<\/strong> It is synonymous with trust, quality and professionalism in the world of private transportation.<\/span><\/p>\t\t\t\t\t\t\t\t<\/div>\n\t\t\t\t<\/div>\n\t\t\t\t\t<\/div>\n\t\t<\/div>\n\t\t\t\t<div class=\"elementor-column elementor-col-50 elementor-top-column elementor-element elementor-element-734773d\" data-id=\"734773d\" data-element_type=\"column\" data-e-type=\"column\">\n\t\t\t<div class=\"elementor-widget-wrap elementor-element-populated\">\n\t\t\t\t\t\t<div class=\"elementor-element elementor-element-cbb1f81 elementor-widget elementor-widget-image\" data-id=\"cbb1f81\" data-element_type=\"widget\" data-e-type=\"widget\" data-widget_type=\"image.default\">\n\t\t\t\t<div class=\"elementor-widget-container\">\n\t\t\t\t\t\t\t\t\t\t\t\t\t\t\t\t<a href=\"https:\/\/elinformedigital.com\/economia-vs-lujo-que-tipo-de-transporte-aeropuerto-se-adapta-mejor-a-tus-necesidades\/\" target=\"_blank\">\n\t\t\t\t\t\t\t<img decoding=\"async\" width=\"375\" height=\"104\" src=\"https:\/\/i0.wp.com\/www.inpetransfer.com\/wp-content\/uploads\/logo-informe-digital.png?fit=375%2C104&amp;ssl=1\" class=\"attachment-large size-large wp-image-14826\" alt=\"\" srcset=\"https:\/\/i0.wp.com\/www.inpetransfer.com\/wp-content\/uploads\/logo-informe-digital.png?w=375&amp;ssl=1 375w, https:\/\/i0.wp.com\/www.inpetransfer.com\/wp-content\/uploads\/logo-informe-digital.png?resize=300%2C83&amp;ssl=1 300w, https:\/\/i0.wp.com\/www.inpetransfer.com\/wp-content\/uploads\/logo-informe-digital.png?resize=18%2C5&amp;ssl=1 18w\" sizes=\"(max-width: 375px) 100vw, 375px\" \/>\t\t\t\t\t\t\t\t<\/a>\n\t\t\t\t\t\t\t\t\t\t\t\t\t\t\t<\/div>\n\t\t\t\t<\/div>\n\t\t\t\t<div class=\"elementor-element elementor-element-365df26 elementor-widget elementor-widget-image\" data-id=\"365df26\" data-element_type=\"widget\" data-e-type=\"widget\" data-widget_type=\"image.default\">\n\t\t\t\t<div class=\"elementor-widget-container\">\n\t\t\t\t\t\t\t\t\t\t\t\t\t\t\t\t<a href=\"https:\/\/www.elmundofinanciero.com\/noticia\/79904\/economia\/cual-es-el-mejor-medio-de-transporte-en-aeropuertos.html\" target=\"_blank\">\n\t\t\t\t\t\t\t<img decoding=\"async\" width=\"390\" height=\"78\" src=\"https:\/\/i0.wp.com\/www.inpetransfer.com\/wp-content\/uploads\/2019\/02\/el-mundo-financiero.png?fit=390%2C78&amp;ssl=1\" class=\"attachment-large size-large wp-image-8781\" alt=\"el mundo financiero\" srcset=\"https:\/\/i0.wp.com\/www.inpetransfer.com\/wp-content\/uploads\/2019\/02\/el-mundo-financiero.png?w=390&amp;ssl=1 390w, https:\/\/i0.wp.com\/www.inpetransfer.com\/wp-content\/uploads\/2019\/02\/el-mundo-financiero.png?resize=300%2C60&amp;ssl=1 300w, https:\/\/i0.wp.com\/www.inpetransfer.com\/wp-content\/uploads\/2019\/02\/el-mundo-financiero.png?resize=50%2C10&amp;ssl=1 50w\" sizes=\"(max-width: 390px) 100vw, 390px\" \/>\t\t\t\t\t\t\t\t<\/a>\n\t\t\t\t\t\t\t\t\t\t\t\t\t\t\t<\/div>\n\t\t\t\t<\/div>\n\t\t\t\t<div class=\"elementor-element elementor-element-449b5b0 elementor-widget elementor-widget-image\" data-id=\"449b5b0\" data-element_type=\"widget\" data-e-type=\"widget\" data-widget_type=\"image.default\">\n\t\t\t\t<div class=\"elementor-widget-container\">\n\t\t\t\t\t\t\t\t\t\t\t\t\t\t\t\t<a href=\"https:\/\/www.alertadigital.com\/2019\/01\/24\/cual-es-el-mejor-medio-de-transporte-en-aeropuertos\/\" target=\"_blank\">\n\t\t\t\t\t\t\t<img decoding=\"async\" width=\"370\" height=\"85\" src=\"https:\/\/i0.wp.com\/www.inpetransfer.com\/wp-content\/uploads\/2019\/02\/logo-alerta-digital.png?fit=370%2C85&amp;ssl=1\" class=\"attachment-large size-large wp-image-8686\" alt=\"ad alerta digital\" srcset=\"https:\/\/i0.wp.com\/www.inpetransfer.com\/wp-content\/uploads\/2019\/02\/logo-alerta-digital.png?w=370&amp;ssl=1 370w, https:\/\/i0.wp.com\/www.inpetransfer.com\/wp-content\/uploads\/2019\/02\/logo-alerta-digital.png?resize=300%2C69&amp;ssl=1 300w, https:\/\/i0.wp.com\/www.inpetransfer.com\/wp-content\/uploads\/2019\/02\/logo-alerta-digital.png?resize=50%2C11&amp;ssl=1 50w\" sizes=\"(max-width: 370px) 100vw, 370px\" \/>\t\t\t\t\t\t\t\t<\/a>\n\t\t\t\t\t\t\t\t\t\t\t\t\t\t\t<\/div>\n\t\t\t\t<\/div>\n\t\t\t\t<div class=\"elementor-element elementor-element-2f932e8 elementor-widget elementor-widget-image\" data-id=\"2f932e8\" data-element_type=\"widget\" data-e-type=\"widget\" data-widget_type=\"image.default\">\n\t\t\t\t<div class=\"elementor-widget-container\">\n\t\t\t\t\t\t\t\t\t\t\t\t\t\t\t\t<a href=\"http:\/\/www.laguiadelsur.es\/texto-diario\/mostrar\/1309541\/cual-mejor-medio-transporte-aeropuertos\" target=\"_blank\">\n\t\t\t\t\t\t\t<img loading=\"lazy\" decoding=\"async\" width=\"280\" height=\"51\" src=\"https:\/\/i0.wp.com\/www.inpetransfer.com\/wp-content\/uploads\/2019\/02\/laguiadelsur-e1549013041848.png?fit=280%2C51&amp;ssl=1\" class=\"attachment-large size-large wp-image-8431\" alt=\"la guia del sur\" \/>\t\t\t\t\t\t\t\t<\/a>\n\t\t\t\t\t\t\t\t\t\t\t\t\t\t\t<\/div>\n\t\t\t\t<\/div>\n\t\t\t\t\t<\/div>\n\t\t<\/div>\n\t\t\t\t\t<\/div>\n\t\t<\/section>\n\t\t\t\t<\/div>","protected":false},"excerpt":{"rendered":"<p>Inpetransfer en los medios En Inpetransfer trabajamos cada d\u00eda con un objetivo claro: ofrecer un servicio de traslados privados de m\u00e1xima calidad en los principales aeropuertos de Europa. Nuestra dedicaci\u00f3n, profesionalidad y compromiso con el cliente nos han posicionado como una de las empresas m\u00e1s valoradas del sector. Este esfuerzo [&hellip;]<\/p>\n","protected":false},"author":8,"featured_media":0,"parent":0,"menu_order":0,"comment_status":"closed","ping_status":"closed","template":"elementor_header_footer","meta":{"_acf_changed":false,"footnotes":""},"class_list":["post-8403","page","type-page","status-publish","hentry"],"acf":[],"aioseo_notices":[],"_links":{"self":[{"href":"https:\/\/www.inpetransfer.com\/en\/wp-json\/wp\/v2\/pages\/8403","targetHints":{"allow":["GET"]}}],"collection":[{"href":"https:\/\/www.inpetransfer.com\/en\/wp-json\/wp\/v2\/pages"}],"about":[{"href":"https:\/\/www.inpetransfer.com\/en\/wp-json\/wp\/v2\/types\/page"}],"author":[{"embeddable":true,"href":"https:\/\/www.inpetransfer.com\/en\/wp-json\/wp\/v2\/users\/8"}],"replies":[{"embeddable":true,"href":"https:\/\/www.inpetransfer.com\/en\/wp-json\/wp\/v2\/comments?post=8403"}],"version-history":[{"count":0,"href":"https:\/\/www.inpetransfer.com\/en\/wp-json\/wp\/v2\/pages\/8403\/revisions"}],"wp:attachment":[{"href":"https:\/\/www.inpetransfer.com\/en\/wp-json\/wp\/v2\/media?parent=8403"}],"curies":[{"name":"wp","href":"https:\/\/api.w.org\/{rel}","templated":true}]}}